{"id":83,"date":"2025-01-13T13:03:44","date_gmt":"2025-01-13T13:03:44","guid":{"rendered":"https:\/\/barnarosa.cat\/?page_id=83"},"modified":"2025-02-19T14:45:23","modified_gmt":"2025-02-19T14:45:23","slug":"politica-de-cookies","status":"publish","type":"page","link":"https:\/\/barnarosa.cat\/es\/politica-de-cookies\/","title":{"rendered":"Pol\u00edtica de Cookies"},"content":{"rendered":"<div data-elementor-type=\"wp-page\" data-elementor-id=\"83\" class=\"elementor elementor-83\" data-elementor-post-type=\"page\">\n\t\t\t\t<div class=\"elementor-element elementor-element-54cd7f7 e-flex e-con-boxed e-con e-parent\" data-id=\"54cd7f7\" data-element_type=\"container\">\n\t\t\t\t\t<div class=\"e-con-inner\">\n\t\t<div class=\"elementor-element elementor-element-40141c5 e-con-full e-flex e-con e-child\" data-id=\"40141c5\" data-element_type=\"container\">\n\t\t\t\t<div class=\"elementor-element elementor-element-f79879c elementor-widget elementor-widget-heading\" data-id=\"f79879c\" data-element_type=\"widget\" data-widget_type=\"heading.default\">\n\t\t\t\t<div class=\"elementor-widget-container\">\n\t\t\t\t\t<h1 class=\"elementor-heading-title elementor-size-default\">Pol\u00edtica de Cookies:<\/h1>\t\t\t\t<\/div>\n\t\t\t\t<\/div>\n\t\t\t\t<div class=\"elementor-element elementor-element-d6fe5cc elementor-widget elementor-widget-text-editor\" data-id=\"d6fe5cc\" data-element_type=\"widget\" data-widget_type=\"text-editor.default\">\n\t\t\t\t<div class=\"elementor-widget-container\">\n\t\t\t\t\t\t\t\t\t<p><strong>1. Qu\u00e8 s\u00f3n les cookies?<\/strong><\/p><p>Les cookies s\u00f3n petits fitxers de text que es descarreguen i s\u2019emmagatzemen en el dispositiu de l\u2019usuari (ordinador, tauleta, m\u00f2bil) quan accedeix a determinades p\u00e0gines web. Les cookies permeten que una p\u00e0gina web, entre altres coses, emmagatzemi i recuperi informaci\u00f3 sobre els h\u00e0bits de navegaci\u00f3 d\u2019un usuari o del seu equip i, depenent de la informaci\u00f3 que continguin i de la manera en qu\u00e8 utilitzi el dispositiu, es poden utilitzar per recon\u00e8ixer l\u2019usuari.<\/p><p><strong>2. Tipus de cookies que utilitzem<\/strong><\/p><p>El nostre lloc web utilitza els seg\u00fcents tipus de cookies:<\/p><ul><li><strong>Cookies t\u00e8cniques:<\/strong> Necess\u00e0ries per al correcte funcionament de la web i la prestaci\u00f3 dels serveis sol\u00b7licitats per l\u2019usuari.<\/li><li><strong>Cookies d\u2019an\u00e0lisi:<\/strong> Permeten quantificar el nombre d\u2019usuaris i realitzar l\u2019an\u00e0lisi estad\u00edstica de l\u2019\u00fas que fan del web.<\/li><li><strong>Cookies de personalitzaci\u00f3:<\/strong> Permeten recordar les prefer\u00e8ncies de l\u2019usuari per a millorar la seva experi\u00e8ncia de navegaci\u00f3.<\/li><li><strong>Cookies publicit\u00e0ries:<\/strong> Gestionen la publicitat mostrada en funci\u00f3 del comportament de l\u2019usuari.<br \/><br \/><\/li><\/ul><p><strong>3. Gesti\u00f3 i desactivaci\u00f3 de les cookies\u00e7<\/strong><\/p><p>L\u2019usuari pot permetre, bloquejar o eliminar les cookies instal\u00b7lades en el seu dispositiu mitjan\u00e7ant la configuraci\u00f3 de les opcions del navegador.<\/p><p>A continuaci\u00f3, es proporcionen enlla\u00e7os a les instruccions per gestionar les cookies en els navegadors m\u00e9s populars:<\/p><ul><li><strong>Google Chrome: <\/strong>https:\/\/support.google.com\/chrome\/answer\/95647<\/li><li><strong>Mozilla Firefox:<\/strong> https:\/\/support.mozilla.org\/ca\/kb\/Gestionar%20les%20cookies<\/li><li><strong>Safari:<\/strong> https:\/\/support.apple.com\/ca-es\/guide\/safari\/sfri11471\/mac<\/li><li><strong>Microsoft Edge:<\/strong> https:\/\/support.microsoft.com\/ca-es\/help\/4027947\/microsoft-edge-delete-cookies<br \/><br \/><\/li><\/ul><p><strong>4. Acceptaci\u00f3 de la pol\u00edtica de cookies<\/strong><\/p><p>En navegar pel nostre lloc web, l\u2019usuari accepta l\u2019\u00fas de les cookies en les condicions establertes en la present Pol\u00edtica de Cookies.<\/p><p>L\u2019usuari t\u00e9 la possibilitat de configurar el seu navegador per ser avisat de la recepci\u00f3 de cookies i impedir-ne l&#8217;instal\u00b7laci\u00f3 en el seu dispositiu.<\/p><p>Si tens dubtes sobre la nostra pol\u00edtica de cookies, pots contactar amb nosaltres a info@barnarosa.cat.<\/p>\t\t\t\t\t\t\t\t<\/div>\n\t\t\t\t<\/div>\n\t\t\t\t<\/div>\n\t\t\t\t\t<\/div>\n\t\t\t\t<\/div>\n\t\t\t\t<\/div>","protected":false},"excerpt":{"rendered":"<p>Pol\u00edtica de Cookies: 1. Qu\u00e8 s\u00f3n les cookies? Les cookies s\u00f3n petits fitxers de text que es descarreguen i s\u2019emmagatzemen en el dispositiu de l\u2019usuari (ordinador, tauleta, m\u00f2bil) quan accedeix a determinades p\u00e0gines web. Les cookies permeten que una p\u00e0gina web, entre altres coses, emmagatzemi i recuperi informaci\u00f3 sobre els h\u00e0bits de navegaci\u00f3 d\u2019un usuari [&hellip;]<\/p>","protected":false},"author":1,"featured_media":0,"parent":0,"menu_order":0,"comment_status":"closed","ping_status":"closed","template":"","meta":{"footnotes":""},"class_list":["post-83","page","type-page","status-publish","hentry"],"yoast_head":"<!-- This site is optimized with the Yoast SEO plugin v26.2 - https:\/\/yoast.com\/wordpress\/plugins\/seo\/ -->\n<title>Pol\u00edtica de Cookies - BarnaRosa<\/title>\n<meta name=\"robots\" content=\"index, follow, max-snippet:-1, max-image-preview:large, max-video-preview:-1\" \/>\n<link rel=\"canonical\" href=\"https:\/\/barnarosa.cat\/es\/politica-de-cookies\/\" \/>\n<meta property=\"og:locale\" content=\"es_ES\" \/>\n<meta property=\"og:type\" content=\"article\" \/>\n<meta property=\"og:title\" content=\"Pol\u00edtica de Cookies - BarnaRosa\" \/>\n<meta property=\"og:description\" content=\"Pol\u00edtica de Cookies: 1. Qu\u00e8 s\u00f3n les cookies? Les cookies s\u00f3n petits fitxers de text que es descarreguen i s\u2019emmagatzemen en el dispositiu de l\u2019usuari (ordinador, tauleta, m\u00f2bil) quan accedeix a determinades p\u00e0gines web. Les cookies permeten que una p\u00e0gina web, entre altres coses, emmagatzemi i recuperi informaci\u00f3 sobre els h\u00e0bits de navegaci\u00f3 d\u2019un usuari [&hellip;]\" \/>\n<meta property=\"og:url\" content=\"https:\/\/barnarosa.cat\/es\/politica-de-cookies\/\" \/>\n<meta property=\"og:site_name\" content=\"BarnaRosa\" \/>\n<meta property=\"article:modified_time\" content=\"2025-02-19T14:45:23+00:00\" \/>\n<meta name=\"twitter:card\" content=\"summary_large_image\" \/>\n<meta name=\"twitter:label1\" content=\"Tiempo de lectura\" \/>\n\t<meta name=\"twitter:data1\" content=\"2 minutos\" \/>\n<script type=\"application\/ld+json\" class=\"yoast-schema-graph\">{\"@context\":\"https:\/\/schema.org\",\"@graph\":[{\"@type\":\"WebPage\",\"@id\":\"https:\/\/barnarosa.cat\/politica-de-cookies\/\",\"url\":\"https:\/\/barnarosa.cat\/politica-de-cookies\/\",\"name\":\"Pol\u00edtica de Cookies - BarnaRosa\",\"isPartOf\":{\"@id\":\"https:\/\/barnarosa.cat\/#website\"},\"datePublished\":\"2025-01-13T13:03:44+00:00\",\"dateModified\":\"2025-02-19T14:45:23+00:00\",\"breadcrumb\":{\"@id\":\"https:\/\/barnarosa.cat\/politica-de-cookies\/#breadcrumb\"},\"inLanguage\":\"es\",\"potentialAction\":[{\"@type\":\"ReadAction\",\"target\":[\"https:\/\/barnarosa.cat\/politica-de-cookies\/\"]}]},{\"@type\":\"BreadcrumbList\",\"@id\":\"https:\/\/barnarosa.cat\/politica-de-cookies\/#breadcrumb\",\"itemListElement\":[{\"@type\":\"ListItem\",\"position\":1,\"name\":\"Portada\",\"item\":\"https:\/\/barnarosa.cat\/\"},{\"@type\":\"ListItem\",\"position\":2,\"name\":\"Pol\u00edtica de Cookies\"}]},{\"@type\":\"WebSite\",\"@id\":\"https:\/\/barnarosa.cat\/#website\",\"url\":\"https:\/\/barnarosa.cat\/\",\"name\":\"BarnaRosa\",\"description\":\"\",\"publisher\":{\"@id\":\"https:\/\/barnarosa.cat\/#organization\"},\"potentialAction\":[{\"@type\":\"SearchAction\",\"target\":{\"@type\":\"EntryPoint\",\"urlTemplate\":\"https:\/\/barnarosa.cat\/?s={search_term_string}\"},\"query-input\":{\"@type\":\"PropertyValueSpecification\",\"valueRequired\":true,\"valueName\":\"search_term_string\"}}],\"inLanguage\":\"es\"},{\"@type\":\"Organization\",\"@id\":\"https:\/\/barnarosa.cat\/#organization\",\"name\":\"BarnaRosa\",\"url\":\"https:\/\/barnarosa.cat\/\",\"logo\":{\"@type\":\"ImageObject\",\"inLanguage\":\"es\",\"@id\":\"https:\/\/barnarosa.cat\/#\/schema\/logo\/image\/\",\"url\":\"https:\/\/barnarosa.cat\/wp-content\/uploads\/2025\/01\/BarnaRosa_logo-Red-copiaweb.webp\",\"contentUrl\":\"https:\/\/barnarosa.cat\/wp-content\/uploads\/2025\/01\/BarnaRosa_logo-Red-copiaweb.webp\",\"width\":1053,\"height\":1121,\"caption\":\"BarnaRosa\"},\"image\":{\"@id\":\"https:\/\/barnarosa.cat\/#\/schema\/logo\/image\/\"}}]}<\/script>\n<!-- \/ Yoast SEO plugin. -->","yoast_head_json":{"title":"Pol\u00edtica de Cookies - BarnaRosa","robots":{"index":"index","follow":"follow","max-snippet":"max-snippet:-1","max-image-preview":"max-image-preview:large","max-video-preview":"max-video-preview:-1"},"canonical":"https:\/\/barnarosa.cat\/es\/politica-de-cookies\/","og_locale":"es_ES","og_type":"article","og_title":"Pol\u00edtica de Cookies - BarnaRosa","og_description":"Pol\u00edtica de Cookies: 1. Qu\u00e8 s\u00f3n les cookies? Les cookies s\u00f3n petits fitxers de text que es descarreguen i s\u2019emmagatzemen en el dispositiu de l\u2019usuari (ordinador, tauleta, m\u00f2bil) quan accedeix a determinades p\u00e0gines web. Les cookies permeten que una p\u00e0gina web, entre altres coses, emmagatzemi i recuperi informaci\u00f3 sobre els h\u00e0bits de navegaci\u00f3 d\u2019un usuari [&hellip;]","og_url":"https:\/\/barnarosa.cat\/es\/politica-de-cookies\/","og_site_name":"BarnaRosa","article_modified_time":"2025-02-19T14:45:23+00:00","twitter_card":"summary_large_image","twitter_misc":{"Tiempo de lectura":"2 minutos"},"schema":{"@context":"https:\/\/schema.org","@graph":[{"@type":"WebPage","@id":"https:\/\/barnarosa.cat\/politica-de-cookies\/","url":"https:\/\/barnarosa.cat\/politica-de-cookies\/","name":"Pol\u00edtica de Cookies - BarnaRosa","isPartOf":{"@id":"https:\/\/barnarosa.cat\/#website"},"datePublished":"2025-01-13T13:03:44+00:00","dateModified":"2025-02-19T14:45:23+00:00","breadcrumb":{"@id":"https:\/\/barnarosa.cat\/politica-de-cookies\/#breadcrumb"},"inLanguage":"es","potentialAction":[{"@type":"ReadAction","target":["https:\/\/barnarosa.cat\/politica-de-cookies\/"]}]},{"@type":"BreadcrumbList","@id":"https:\/\/barnarosa.cat\/politica-de-cookies\/#breadcrumb","itemListElement":[{"@type":"ListItem","position":1,"name":"Portada","item":"https:\/\/barnarosa.cat\/"},{"@type":"ListItem","position":2,"name":"Pol\u00edtica de Cookies"}]},{"@type":"WebSite","@id":"https:\/\/barnarosa.cat\/#website","url":"https:\/\/barnarosa.cat\/","name":"BarnaRosa","description":"","publisher":{"@id":"https:\/\/barnarosa.cat\/#organization"},"potentialAction":[{"@type":"SearchAction","target":{"@type":"EntryPoint","urlTemplate":"https:\/\/barnarosa.cat\/?s={search_term_string}"},"query-input":{"@type":"PropertyValueSpecification","valueRequired":true,"valueName":"search_term_string"}}],"inLanguage":"es"},{"@type":"Organization","@id":"https:\/\/barnarosa.cat\/#organization","name":"BarnaRosa","url":"https:\/\/barnarosa.cat\/","logo":{"@type":"ImageObject","inLanguage":"es","@id":"https:\/\/barnarosa.cat\/#\/schema\/logo\/image\/","url":"https:\/\/barnarosa.cat\/wp-content\/uploads\/2025\/01\/BarnaRosa_logo-Red-copiaweb.webp","contentUrl":"https:\/\/barnarosa.cat\/wp-content\/uploads\/2025\/01\/BarnaRosa_logo-Red-copiaweb.webp","width":1053,"height":1121,"caption":"BarnaRosa"},"image":{"@id":"https:\/\/barnarosa.cat\/#\/schema\/logo\/image\/"}}]}},"_links":{"self":[{"href":"https:\/\/barnarosa.cat\/es\/wp-json\/wp\/v2\/pages\/83","targetHints":{"allow":["GET"]}}],"collection":[{"href":"https:\/\/barnarosa.cat\/es\/wp-json\/wp\/v2\/pages"}],"about":[{"href":"https:\/\/barnarosa.cat\/es\/wp-json\/wp\/v2\/types\/page"}],"author":[{"embeddable":true,"href":"https:\/\/barnarosa.cat\/es\/wp-json\/wp\/v2\/users\/1"}],"replies":[{"embeddable":true,"href":"https:\/\/barnarosa.cat\/es\/wp-json\/wp\/v2\/comments?post=83"}],"version-history":[{"count":10,"href":"https:\/\/barnarosa.cat\/es\/wp-json\/wp\/v2\/pages\/83\/revisions"}],"predecessor-version":[{"id":358,"href":"https:\/\/barnarosa.cat\/es\/wp-json\/wp\/v2\/pages\/83\/revisions\/358"}],"wp:attachment":[{"href":"https:\/\/barnarosa.cat\/es\/wp-json\/wp\/v2\/media?parent=83"}],"curies":[{"name":"wp","href":"https:\/\/api.w.org\/{rel}","templated":true}]}}