{"id":51,"date":"2025-01-13T12:54:50","date_gmt":"2025-01-13T12:54:50","guid":{"rendered":"https:\/\/barnarosa.cat\/?page_id=51"},"modified":"2025-11-04T10:24:36","modified_gmt":"2025-11-04T10:24:36","slug":"qui-som","status":"publish","type":"page","link":"https:\/\/barnarosa.cat\/es\/qui-som\/","title":{"rendered":"Qui Som?"},"content":{"rendered":"<div data-elementor-type=\"wp-page\" data-elementor-id=\"51\" class=\"elementor elementor-51\" data-elementor-post-type=\"page\">\n\t\t\t\t<div class=\"elementor-element elementor-element-5e5d7db e-flex e-con-boxed e-con e-parent\" data-id=\"5e5d7db\" data-element_type=\"container\" data-settings=\"{&quot;background_background&quot;:&quot;classic&quot;}\">\n\t\t\t\t\t<div class=\"e-con-inner\">\n\t\t<div class=\"elementor-element elementor-element-fc1c729 e-grid e-con-full elementor-invisible e-con e-child\" data-id=\"fc1c729\" data-element_type=\"container\" data-settings=\"{&quot;animation&quot;:&quot;slideInUp&quot;}\">\n\t\t\t\t<div class=\"elementor-element elementor-element-dbb53af elementor-widget elementor-widget-heading\" data-id=\"dbb53af\" data-element_type=\"widget\" data-settings=\"{&quot;_animation&quot;:&quot;none&quot;}\" data-widget_type=\"heading.default\">\n\t\t\t\t<div class=\"elementor-widget-container\">\n\t\t\t\t\t<h1 class=\"elementor-heading-title elementor-size-default\">BarnaRosa<\/h1>\t\t\t\t<\/div>\n\t\t\t\t<\/div>\n\t\t\t\t<\/div>\n\t\t\t\t\t<\/div>\n\t\t\t\t<\/div>\n\t\t<div class=\"elementor-element elementor-element-a3b4e45 e-flex e-con-boxed e-con e-parent\" data-id=\"a3b4e45\" data-element_type=\"container\" data-settings=\"{&quot;background_background&quot;:&quot;classic&quot;}\">\n\t\t\t\t\t<div class=\"e-con-inner\">\n\t\t<div class=\"elementor-element elementor-element-af194cb e-grid e-con-full e-con e-child\" data-id=\"af194cb\" data-element_type=\"container\">\n\t\t\t\t<div class=\"elementor-element elementor-element-3e9da86 elementor-widget elementor-widget-heading\" data-id=\"3e9da86\" data-element_type=\"widget\" data-widget_type=\"heading.default\">\n\t\t\t\t<div class=\"elementor-widget-container\">\n\t\t\t\t\t<h2 class=\"elementor-heading-title elementor-size-default\">La nostra missi\u00f3<\/h2>\t\t\t\t<\/div>\n\t\t\t\t<\/div>\n\t\t\t\t<div class=\"elementor-element elementor-element-84be682 elementor-widget elementor-widget-text-editor\" data-id=\"84be682\" data-element_type=\"widget\" data-widget_type=\"text-editor.default\">\n\t\t\t\t<div class=\"elementor-widget-container\">\n\t\t\t\t\t\t\t\t\t<p>Des de l&#8217;any 2008, treballem amb el comprom\u00eds d&#8217;oferir les millors roses amb la m\u00e0xima qualitat i durabilitat.<\/p><p>Els m\u00e9s de 500 clients, entre els quals es troben grans empreses, cadenes hoteleres i escoles de prestigi, ens avalen com a referents en el sector de la flor per a la Diada de Sant Jordi.<\/p>\t\t\t\t\t\t\t\t<\/div>\n\t\t\t\t<\/div>\n\t\t\t\t<\/div>\n\t\t\t\t\t<\/div>\n\t\t\t\t<\/div>\n\t\t<div class=\"elementor-element elementor-element-54b2d9d e-flex e-con-boxed e-con e-parent\" data-id=\"54b2d9d\" data-element_type=\"container\">\n\t\t\t\t\t<div class=\"e-con-inner\">\n\t\t\t\t<div class=\"elementor-element elementor-element-bf3d15a elementor-widget elementor-widget-heading\" data-id=\"bf3d15a\" data-element_type=\"widget\" data-widget_type=\"heading.default\">\n\t\t\t\t<div class=\"elementor-widget-container\">\n\t\t\t\t\t<h2 class=\"elementor-heading-title elementor-size-default\">Els nostres valors:<\/h2>\t\t\t\t<\/div>\n\t\t\t\t<\/div>\n\t\t\t\t\t<\/div>\n\t\t\t\t<\/div>\n\t\t<div class=\"elementor-element elementor-element-53bb3d7 e-flex e-con-boxed e-con e-parent\" data-id=\"53bb3d7\" data-element_type=\"container\" data-settings=\"{&quot;background_background&quot;:&quot;classic&quot;}\">\n\t\t\t\t\t<div class=\"e-con-inner\">\n\t\t<div class=\"elementor-element elementor-element-8973871 e-grid e-con-full e-con e-child\" data-id=\"8973871\" data-element_type=\"container\">\n\t\t\t\t<div class=\"elementor-element elementor-element-17e1099 elementor-widget elementor-widget-heading\" data-id=\"17e1099\" data-element_type=\"widget\" data-widget_type=\"heading.default\">\n\t\t\t\t<div class=\"elementor-widget-container\">\n\t\t\t\t\t<h3 class=\"elementor-heading-title elementor-size-default\">Qualitat<\/h3>\t\t\t\t<\/div>\n\t\t\t\t<\/div>\n\t\t\t\t<div class=\"elementor-element elementor-element-bcd25c4 elementor-widget elementor-widget-text-editor\" data-id=\"bcd25c4\" data-element_type=\"widget\" data-widget_type=\"text-editor.default\">\n\t\t\t\t<div class=\"elementor-widget-container\">\n\t\t\t\t\t\t\t\t\t<p>A BarnaRosa, ens ocupem de cada rosa des del seu origen, seleccionant-la en el moment \u00f2ptim i proporcionant-li el tractament adequat perqu\u00e8 els nostres clients puguin gaudir de la millor qualitat i durabilitat.<\/p><p>Per aconseguir-ho, una part del nostre equip treballa directament a les plantacions, assegurant aix\u00ed el compliment dels nostres est\u00e0ndards de qualitat.<\/p><p>Gr\u00e0cies a aquest meticul\u00f3s seguiment, podem afirmar que les nostres roses, amb el tracte adequat, poden mantenir-se en perfecte estat fins a 15 dies despr\u00e9s de la Diada de Sant Jordi.<\/p>\t\t\t\t\t\t\t\t<\/div>\n\t\t\t\t<\/div>\n\t\t\t\t<\/div>\n\t\t<div class=\"elementor-element elementor-element-cd0e92c e-grid e-con-full e-con e-child\" data-id=\"cd0e92c\" data-element_type=\"container\" data-settings=\"{&quot;background_background&quot;:&quot;classic&quot;}\">\n\t\t\t\t<\/div>\n\t\t\t\t\t<\/div>\n\t\t\t\t<\/div>\n\t\t<div class=\"elementor-element elementor-element-4dcbd3b elementor-hidden-mobile e-flex e-con-boxed e-con e-parent\" data-id=\"4dcbd3b\" data-element_type=\"container\">\n\t\t\t\t\t<div class=\"e-con-inner\">\n\t\t<div class=\"elementor-element elementor-element-6e40cef e-grid e-con-full e-con e-child\" data-id=\"6e40cef\" data-element_type=\"container\" data-settings=\"{&quot;background_background&quot;:&quot;classic&quot;}\">\n\t\t\t\t<\/div>\n\t\t<div class=\"elementor-element elementor-element-b8e02f3 e-grid e-con-full e-con e-child\" data-id=\"b8e02f3\" data-element_type=\"container\">\n\t\t\t\t<div class=\"elementor-element elementor-element-ab47eaf elementor-widget elementor-widget-heading\" data-id=\"ab47eaf\" data-element_type=\"widget\" data-widget_type=\"heading.default\">\n\t\t\t\t<div class=\"elementor-widget-container\">\n\t\t\t\t\t<h3 class=\"elementor-heading-title elementor-size-default\">Productors Locals<\/h3>\t\t\t\t<\/div>\n\t\t\t\t<\/div>\n\t\t\t\t<div class=\"elementor-element elementor-element-d1afbf8 elementor-widget elementor-widget-text-editor\" data-id=\"d1afbf8\" data-element_type=\"widget\" data-widget_type=\"text-editor.default\">\n\t\t\t\t<div class=\"elementor-widget-container\">\n\t\t\t\t\t\t\t\t\t<p>Ens agradaria poder treballar exclusivament amb productors de qil\u00f2metre 0 (km 0), per\u00f2 la demanda de roses per a una ocasi\u00f3 tan especial com Sant Jordi pot arribar fins a 7,5 milions, mentres que a Catalunya nom\u00e9s se&#8217;n produeixen uns 2 milions.<\/p><p>\u00c9s per aquest motiu que tamb\u00e9 col\u00b7laborem amb productors locals d&#8217;Ecuador i Col\u00f2mbia, els quals s\u00f3n els principals exportadors mundials de roses.<\/p><p>Tot i aix\u00ed, comptem amb els millors segells de qualitat d&#8217;aquests pa\u00efsos, per oferir sempre el millor producte als nostres clients.<\/p>\t\t\t\t\t\t\t\t<\/div>\n\t\t\t\t<\/div>\n\t\t\t\t<\/div>\n\t\t\t\t\t<\/div>\n\t\t\t\t<\/div>\n\t\t<div class=\"elementor-element elementor-element-a5981f3 elementor-hidden-desktop elementor-hidden-tablet e-flex e-con-boxed e-con e-parent\" data-id=\"a5981f3\" data-element_type=\"container\" data-settings=\"{&quot;background_background&quot;:&quot;classic&quot;}\">\n\t\t\t\t\t<div class=\"e-con-inner\">\n\t\t<div class=\"elementor-element elementor-element-a04700f e-grid e-con-full e-con e-child\" data-id=\"a04700f\" data-element_type=\"container\">\n\t\t\t\t<div class=\"elementor-element elementor-element-9fe4e13 elementor-widget elementor-widget-heading\" data-id=\"9fe4e13\" data-element_type=\"widget\" data-widget_type=\"heading.default\">\n\t\t\t\t<div class=\"elementor-widget-container\">\n\t\t\t\t\t<h3 class=\"elementor-heading-title elementor-size-default\">Productors Locals<\/h3>\t\t\t\t<\/div>\n\t\t\t\t<\/div>\n\t\t\t\t<div class=\"elementor-element elementor-element-eeb1a7a elementor-widget elementor-widget-text-editor\" data-id=\"eeb1a7a\" data-element_type=\"widget\" data-widget_type=\"text-editor.default\">\n\t\t\t\t<div class=\"elementor-widget-container\">\n\t\t\t\t\t\t\t\t\t<p>Ens agradaria poder treballar exclusivament amb productors de qil\u00f2metre 0 (km 0), per\u00f2 la demanda de roses per a una ocasi\u00f3 tan especial com Sant Jordi pot arribar fins a 7,5 milions, mentres que a Catalunya nom\u00e9s se&#8217;n produeixen uns 2 milions.<\/p><p>\u00c9s per aquest motiu que tamb\u00e9 col\u00b7laborem amb productors locals d&#8217;Ecuador i Col\u00f2mbia, els quals s\u00f3n els principals exportadors mundials de roses.<\/p><p>Tot i aix\u00ed, comptem amb els millors segells de qualitat d&#8217;aquests pa\u00efsos, per oferir sempre el millor producte als nostres clients.<\/p>\t\t\t\t\t\t\t\t<\/div>\n\t\t\t\t<\/div>\n\t\t\t\t<\/div>\n\t\t<div class=\"elementor-element elementor-element-355b2e8 e-grid e-con-full e-con e-child\" data-id=\"355b2e8\" data-element_type=\"container\" data-settings=\"{&quot;background_background&quot;:&quot;classic&quot;}\">\n\t\t\t\t<\/div>\n\t\t\t\t\t<\/div>\n\t\t\t\t<\/div>\n\t\t<div class=\"elementor-element elementor-element-9448c1a e-flex e-con-boxed e-con e-parent\" data-id=\"9448c1a\" data-element_type=\"container\" data-settings=\"{&quot;background_background&quot;:&quot;classic&quot;}\">\n\t\t\t\t\t<div class=\"e-con-inner\">\n\t\t<div class=\"elementor-element elementor-element-6907f4d e-grid e-con-full e-con e-child\" data-id=\"6907f4d\" data-element_type=\"container\">\n\t\t\t\t<div class=\"elementor-element elementor-element-1611efd elementor-widget elementor-widget-heading\" data-id=\"1611efd\" data-element_type=\"widget\" data-widget_type=\"heading.default\">\n\t\t\t\t<div class=\"elementor-widget-container\">\n\t\t\t\t\t<h3 class=\"elementor-heading-title elementor-size-default\">Solidaritat<\/h3>\t\t\t\t<\/div>\n\t\t\t\t<\/div>\n\t\t\t\t<div class=\"elementor-element elementor-element-ca79e96 elementor-widget elementor-widget-text-editor\" data-id=\"ca79e96\" data-element_type=\"widget\" data-widget_type=\"text-editor.default\">\n\t\t\t\t<div class=\"elementor-widget-container\">\n\t\t\t\t\t\t\t\t\t<p>Ens preocupa ser part activa de la nostra societat. \u00c9s per aix\u00f2 que des de l&#8217;any 2011, col\u00b7laborem amb entitats socials que ajuden als m\u00e9s necessitats, com ara: persones afectades per VIH, c\u00e0ncer, o persones amb discapacitat f\u00edsica i\/o intel\u00b7lectual.<\/p><p>Alhora, ens dediquem especialment a garantir que les nostres roses comptin amb certificacions reconegudes internacionalment, com ara Flowers For Kids, BASC, entre d&#8217;altres, que asseguren el compliment dels drets laborals internacionals i eviten l&#8217;explotaci\u00f3 laboral, tant d&#8217;adults com infantil.<\/p>\t\t\t\t\t\t\t\t<\/div>\n\t\t\t\t<\/div>\n\t\t\t\t<\/div>\n\t\t<div class=\"elementor-element elementor-element-b7a392d e-grid e-con-full e-con e-child\" data-id=\"b7a392d\" data-element_type=\"container\" data-settings=\"{&quot;background_background&quot;:&quot;classic&quot;}\">\n\t\t\t\t<\/div>\n\t\t\t\t\t<\/div>\n\t\t\t\t<\/div>\n\t\t<div class=\"elementor-element elementor-element-a6b2f11 e-flex e-con-boxed e-con e-parent\" data-id=\"a6b2f11\" data-element_type=\"container\">\n\t\t\t\t\t<div class=\"e-con-inner\">\n\t\t<div class=\"elementor-element elementor-element-44a9a6f e-con-full e-flex e-con e-child\" data-id=\"44a9a6f\" data-element_type=\"container\">\n\t\t\t\t<div class=\"elementor-element elementor-element-f36c502 elementor-widget elementor-widget-image\" data-id=\"f36c502\" data-element_type=\"widget\" data-widget_type=\"image.default\">\n\t\t\t\t<div class=\"elementor-widget-container\">\n\t\t\t\t\t\t\t\t\t\t\t\t\t\t\t<img fetchpriority=\"high\" decoding=\"async\" width=\"551\" height=\"324\" src=\"https:\/\/barnarosa.cat\/wp-content\/uploads\/2025\/01\/barnarosa-rainforest-alliance.png\" class=\"attachment-large size-large wp-image-57\" alt=\"\" srcset=\"https:\/\/barnarosa.cat\/wp-content\/uploads\/2025\/01\/barnarosa-rainforest-alliance.png 551w, https:\/\/barnarosa.cat\/wp-content\/uploads\/2025\/01\/barnarosa-rainforest-alliance-300x176.png 300w\" sizes=\"(max-width: 551px) 100vw, 551px\" \/>\t\t\t\t\t\t\t\t\t\t\t\t\t\t\t<\/div>\n\t\t\t\t<\/div>\n\t\t\t\t<\/div>\n\t\t<div class=\"elementor-element elementor-element-e9a0c4b e-con-full e-flex e-con e-child\" data-id=\"e9a0c4b\" data-element_type=\"container\">\n\t\t\t\t<div class=\"elementor-element elementor-element-42a0eeb elementor-widget elementor-widget-image\" data-id=\"42a0eeb\" data-element_type=\"widget\" data-widget_type=\"image.default\">\n\t\t\t\t<div class=\"elementor-widget-container\">\n\t\t\t\t\t\t\t\t\t\t\t\t\t\t\t<img decoding=\"async\" width=\"551\" height=\"324\" src=\"https:\/\/barnarosa.cat\/wp-content\/uploads\/2025\/01\/barnarosa-florecuador.png\" class=\"attachment-large size-large wp-image-58\" alt=\"\" srcset=\"https:\/\/barnarosa.cat\/wp-content\/uploads\/2025\/01\/barnarosa-florecuador.png 551w, https:\/\/barnarosa.cat\/wp-content\/uploads\/2025\/01\/barnarosa-florecuador-300x176.png 300w\" sizes=\"(max-width: 551px) 100vw, 551px\" \/>\t\t\t\t\t\t\t\t\t\t\t\t\t\t\t<\/div>\n\t\t\t\t<\/div>\n\t\t\t\t<\/div>\n\t\t<div class=\"elementor-element elementor-element-79069ba e-con-full e-flex e-con e-child\" data-id=\"79069ba\" data-element_type=\"container\">\n\t\t\t\t<div class=\"elementor-element elementor-element-7c035e8 elementor-widget elementor-widget-image\" data-id=\"7c035e8\" data-element_type=\"widget\" data-widget_type=\"image.default\">\n\t\t\t\t<div class=\"elementor-widget-container\">\n\t\t\t\t\t\t\t\t\t\t\t\t\t\t\t<img decoding=\"async\" width=\"551\" height=\"324\" src=\"https:\/\/barnarosa.cat\/wp-content\/uploads\/2025\/01\/barnarosa-flower-for-kids.png\" class=\"attachment-large size-large wp-image-59\" alt=\"\" srcset=\"https:\/\/barnarosa.cat\/wp-content\/uploads\/2025\/01\/barnarosa-flower-for-kids.png 551w, https:\/\/barnarosa.cat\/wp-content\/uploads\/2025\/01\/barnarosa-flower-for-kids-300x176.png 300w\" sizes=\"(max-width: 551px) 100vw, 551px\" \/>\t\t\t\t\t\t\t\t\t\t\t\t\t\t\t<\/div>\n\t\t\t\t<\/div>\n\t\t\t\t<\/div>\n\t\t<div class=\"elementor-element elementor-element-d50753a e-con-full e-flex e-con e-child\" data-id=\"d50753a\" data-element_type=\"container\">\n\t\t\t\t<div class=\"elementor-element elementor-element-7b7b37a elementor-widget elementor-widget-image\" data-id=\"7b7b37a\" data-element_type=\"widget\" data-widget_type=\"image.default\">\n\t\t\t\t<div class=\"elementor-widget-container\">\n\t\t\t\t\t\t\t\t\t\t\t\t\t\t\t<img loading=\"lazy\" decoding=\"async\" width=\"551\" height=\"324\" src=\"https:\/\/barnarosa.cat\/wp-content\/uploads\/2025\/01\/barnarosa-basc.png\" class=\"attachment-large size-large wp-image-60\" alt=\"\" srcset=\"https:\/\/barnarosa.cat\/wp-content\/uploads\/2025\/01\/barnarosa-basc.png 551w, https:\/\/barnarosa.cat\/wp-content\/uploads\/2025\/01\/barnarosa-basc-300x176.png 300w\" sizes=\"(max-width: 551px) 100vw, 551px\" \/>\t\t\t\t\t\t\t\t\t\t\t\t\t\t\t<\/div>\n\t\t\t\t<\/div>\n\t\t\t\t<\/div>\n\t\t\t\t\t<\/div>\n\t\t\t\t<\/div>\n\t\t\t\t<\/div>","protected":false},"excerpt":{"rendered":"<p>BarnaRosa La nostra missi\u00f3 Des de l&#8217;any 2008, treballem amb el comprom\u00eds d&#8217;oferir les millors roses amb la m\u00e0xima qualitat i durabilitat. Els m\u00e9s de 500 clients, entre els quals es troben grans empreses, cadenes hoteleres i escoles de prestigi, ens avalen com a referents en el sector de la flor per a la Diada [&hellip;]<\/p>","protected":false},"author":1,"featured_media":0,"parent":0,"menu_order":0,"comment_status":"closed","ping_status":"closed","template":"","meta":{"footnotes":""},"class_list":["post-51","page","type-page","status-publish","hentry"],"yoast_head":"<!-- This site is optimized with the Yoast SEO plugin v26.2 - https:\/\/yoast.com\/wordpress\/plugins\/seo\/ -->\n<title>Descobreix els nostres valors | Barnarosa<\/title>\n<meta name=\"description\" content=\"Amb experi\u00e8ncia en la distribuci\u00f3 de roses a majoristes, centres educatius i corporacions, oferim serveis adaptats i personalitzats per a Sant Jordi.\" \/>\n<meta name=\"robots\" content=\"index, follow, max-snippet:-1, max-image-preview:large, max-video-preview:-1\" \/>\n<link rel=\"canonical\" href=\"https:\/\/barnarosa.cat\/es\/qui-som\/\" \/>\n<meta property=\"og:locale\" content=\"es_ES\" \/>\n<meta property=\"og:type\" content=\"article\" \/>\n<meta property=\"og:title\" content=\"Descobreix els nostres valors | Barnarosa\" \/>\n<meta property=\"og:description\" content=\"Amb experi\u00e8ncia en la distribuci\u00f3 de roses a majoristes, centres educatius i corporacions, oferim serveis adaptats i personalitzats per a Sant Jordi.\" \/>\n<meta property=\"og:url\" content=\"https:\/\/barnarosa.cat\/es\/qui-som\/\" \/>\n<meta property=\"og:site_name\" content=\"BarnaRosa\" \/>\n<meta property=\"article:modified_time\" content=\"2025-11-04T10:24:36+00:00\" \/>\n<meta property=\"og:image\" content=\"https:\/\/barnarosa.cat\/wp-content\/uploads\/2025\/01\/barnarosa-rainforest-alliance.png\" \/>\n<meta name=\"twitter:card\" content=\"summary_large_image\" \/>\n<meta name=\"twitter:label1\" content=\"Tiempo de lectura\" \/>\n\t<meta name=\"twitter:data1\" content=\"3 minutos\" \/>\n<script type=\"application\/ld+json\" class=\"yoast-schema-graph\">{\"@context\":\"https:\/\/schema.org\",\"@graph\":[{\"@type\":\"WebPage\",\"@id\":\"https:\/\/barnarosa.cat\/qui-som\/\",\"url\":\"https:\/\/barnarosa.cat\/qui-som\/\",\"name\":\"Descobreix els nostres valors | Barnarosa\",\"isPartOf\":{\"@id\":\"https:\/\/barnarosa.cat\/#website\"},\"primaryImageOfPage\":{\"@id\":\"https:\/\/barnarosa.cat\/qui-som\/#primaryimage\"},\"image\":{\"@id\":\"https:\/\/barnarosa.cat\/qui-som\/#primaryimage\"},\"thumbnailUrl\":\"https:\/\/barnarosa.cat\/wp-content\/uploads\/2025\/01\/barnarosa-rainforest-alliance.png\",\"datePublished\":\"2025-01-13T12:54:50+00:00\",\"dateModified\":\"2025-11-04T10:24:36+00:00\",\"description\":\"Amb experi\u00e8ncia en la distribuci\u00f3 de roses a majoristes, centres educatius i corporacions, oferim serveis adaptats i personalitzats per a Sant Jordi.\",\"breadcrumb\":{\"@id\":\"https:\/\/barnarosa.cat\/qui-som\/#breadcrumb\"},\"inLanguage\":\"es\",\"potentialAction\":[{\"@type\":\"ReadAction\",\"target\":[\"https:\/\/barnarosa.cat\/qui-som\/\"]}]},{\"@type\":\"ImageObject\",\"inLanguage\":\"es\",\"@id\":\"https:\/\/barnarosa.cat\/qui-som\/#primaryimage\",\"url\":\"https:\/\/barnarosa.cat\/wp-content\/uploads\/2025\/01\/barnarosa-rainforest-alliance.png\",\"contentUrl\":\"https:\/\/barnarosa.cat\/wp-content\/uploads\/2025\/01\/barnarosa-rainforest-alliance.png\"},{\"@type\":\"BreadcrumbList\",\"@id\":\"https:\/\/barnarosa.cat\/qui-som\/#breadcrumb\",\"itemListElement\":[{\"@type\":\"ListItem\",\"position\":1,\"name\":\"Portada\",\"item\":\"https:\/\/barnarosa.cat\/\"},{\"@type\":\"ListItem\",\"position\":2,\"name\":\"Qui Som?\"}]},{\"@type\":\"WebSite\",\"@id\":\"https:\/\/barnarosa.cat\/#website\",\"url\":\"https:\/\/barnarosa.cat\/\",\"name\":\"BarnaRosa\",\"description\":\"\",\"publisher\":{\"@id\":\"https:\/\/barnarosa.cat\/#organization\"},\"potentialAction\":[{\"@type\":\"SearchAction\",\"target\":{\"@type\":\"EntryPoint\",\"urlTemplate\":\"https:\/\/barnarosa.cat\/?s={search_term_string}\"},\"query-input\":{\"@type\":\"PropertyValueSpecification\",\"valueRequired\":true,\"valueName\":\"search_term_string\"}}],\"inLanguage\":\"es\"},{\"@type\":\"Organization\",\"@id\":\"https:\/\/barnarosa.cat\/#organization\",\"name\":\"BarnaRosa\",\"url\":\"https:\/\/barnarosa.cat\/\",\"logo\":{\"@type\":\"ImageObject\",\"inLanguage\":\"es\",\"@id\":\"https:\/\/barnarosa.cat\/#\/schema\/logo\/image\/\",\"url\":\"https:\/\/barnarosa.cat\/wp-content\/uploads\/2025\/01\/BarnaRosa_logo-Red-copiaweb.webp\",\"contentUrl\":\"https:\/\/barnarosa.cat\/wp-content\/uploads\/2025\/01\/BarnaRosa_logo-Red-copiaweb.webp\",\"width\":1053,\"height\":1121,\"caption\":\"BarnaRosa\"},\"image\":{\"@id\":\"https:\/\/barnarosa.cat\/#\/schema\/logo\/image\/\"}}]}<\/script>\n<!-- \/ Yoast SEO plugin. -->","yoast_head_json":{"title":"Descobreix els nostres valors | Barnarosa","description":"Amb experi\u00e8ncia en la distribuci\u00f3 de roses a majoristes, centres educatius i corporacions, oferim serveis adaptats i personalitzats per a Sant Jordi.","robots":{"index":"index","follow":"follow","max-snippet":"max-snippet:-1","max-image-preview":"max-image-preview:large","max-video-preview":"max-video-preview:-1"},"canonical":"https:\/\/barnarosa.cat\/es\/qui-som\/","og_locale":"es_ES","og_type":"article","og_title":"Descobreix els nostres valors | Barnarosa","og_description":"Amb experi\u00e8ncia en la distribuci\u00f3 de roses a majoristes, centres educatius i corporacions, oferim serveis adaptats i personalitzats per a Sant Jordi.","og_url":"https:\/\/barnarosa.cat\/es\/qui-som\/","og_site_name":"BarnaRosa","article_modified_time":"2025-11-04T10:24:36+00:00","og_image":[{"url":"https:\/\/barnarosa.cat\/wp-content\/uploads\/2025\/01\/barnarosa-rainforest-alliance.png","type":"","width":"","height":""}],"twitter_card":"summary_large_image","twitter_misc":{"Tiempo de lectura":"3 minutos"},"schema":{"@context":"https:\/\/schema.org","@graph":[{"@type":"WebPage","@id":"https:\/\/barnarosa.cat\/qui-som\/","url":"https:\/\/barnarosa.cat\/qui-som\/","name":"Descobreix els nostres valors | Barnarosa","isPartOf":{"@id":"https:\/\/barnarosa.cat\/#website"},"primaryImageOfPage":{"@id":"https:\/\/barnarosa.cat\/qui-som\/#primaryimage"},"image":{"@id":"https:\/\/barnarosa.cat\/qui-som\/#primaryimage"},"thumbnailUrl":"https:\/\/barnarosa.cat\/wp-content\/uploads\/2025\/01\/barnarosa-rainforest-alliance.png","datePublished":"2025-01-13T12:54:50+00:00","dateModified":"2025-11-04T10:24:36+00:00","description":"Amb experi\u00e8ncia en la distribuci\u00f3 de roses a majoristes, centres educatius i corporacions, oferim serveis adaptats i personalitzats per a Sant Jordi.","breadcrumb":{"@id":"https:\/\/barnarosa.cat\/qui-som\/#breadcrumb"},"inLanguage":"es","potentialAction":[{"@type":"ReadAction","target":["https:\/\/barnarosa.cat\/qui-som\/"]}]},{"@type":"ImageObject","inLanguage":"es","@id":"https:\/\/barnarosa.cat\/qui-som\/#primaryimage","url":"https:\/\/barnarosa.cat\/wp-content\/uploads\/2025\/01\/barnarosa-rainforest-alliance.png","contentUrl":"https:\/\/barnarosa.cat\/wp-content\/uploads\/2025\/01\/barnarosa-rainforest-alliance.png"},{"@type":"BreadcrumbList","@id":"https:\/\/barnarosa.cat\/qui-som\/#breadcrumb","itemListElement":[{"@type":"ListItem","position":1,"name":"Portada","item":"https:\/\/barnarosa.cat\/"},{"@type":"ListItem","position":2,"name":"Qui Som?"}]},{"@type":"WebSite","@id":"https:\/\/barnarosa.cat\/#website","url":"https:\/\/barnarosa.cat\/","name":"BarnaRosa","description":"","publisher":{"@id":"https:\/\/barnarosa.cat\/#organization"},"potentialAction":[{"@type":"SearchAction","target":{"@type":"EntryPoint","urlTemplate":"https:\/\/barnarosa.cat\/?s={search_term_string}"},"query-input":{"@type":"PropertyValueSpecification","valueRequired":true,"valueName":"search_term_string"}}],"inLanguage":"es"},{"@type":"Organization","@id":"https:\/\/barnarosa.cat\/#organization","name":"BarnaRosa","url":"https:\/\/barnarosa.cat\/","logo":{"@type":"ImageObject","inLanguage":"es","@id":"https:\/\/barnarosa.cat\/#\/schema\/logo\/image\/","url":"https:\/\/barnarosa.cat\/wp-content\/uploads\/2025\/01\/BarnaRosa_logo-Red-copiaweb.webp","contentUrl":"https:\/\/barnarosa.cat\/wp-content\/uploads\/2025\/01\/BarnaRosa_logo-Red-copiaweb.webp","width":1053,"height":1121,"caption":"BarnaRosa"},"image":{"@id":"https:\/\/barnarosa.cat\/#\/schema\/logo\/image\/"}}]}},"_links":{"self":[{"href":"https:\/\/barnarosa.cat\/es\/wp-json\/wp\/v2\/pages\/51","targetHints":{"allow":["GET"]}}],"collection":[{"href":"https:\/\/barnarosa.cat\/es\/wp-json\/wp\/v2\/pages"}],"about":[{"href":"https:\/\/barnarosa.cat\/es\/wp-json\/wp\/v2\/types\/page"}],"author":[{"embeddable":true,"href":"https:\/\/barnarosa.cat\/es\/wp-json\/wp\/v2\/users\/1"}],"replies":[{"embeddable":true,"href":"https:\/\/barnarosa.cat\/es\/wp-json\/wp\/v2\/comments?post=51"}],"version-history":[{"count":22,"href":"https:\/\/barnarosa.cat\/es\/wp-json\/wp\/v2\/pages\/51\/revisions"}],"predecessor-version":[{"id":143,"href":"https:\/\/barnarosa.cat\/es\/wp-json\/wp\/v2\/pages\/51\/revisions\/143"}],"wp:attachment":[{"href":"https:\/\/barnarosa.cat\/es\/wp-json\/wp\/v2\/media?parent=51"}],"curies":[{"name":"wp","href":"https:\/\/api.w.org\/{rel}","templated":true}]}}