{"id":389,"date":"2025-02-19T16:01:54","date_gmt":"2025-02-19T16:01:54","guid":{"rendered":"https:\/\/barnarosa.cat\/?page_id=389"},"modified":"2025-11-04T10:35:11","modified_gmt":"2025-11-04T10:35:11","slug":"rosa-premium-aspidistra","status":"publish","type":"page","link":"https:\/\/barnarosa.cat\/es\/cataleg\/rosa-premium-aspidistra\/","title":{"rendered":"Rosa Premium Aspidistra"},"content":{"rendered":"<div data-elementor-type=\"wp-page\" data-elementor-id=\"389\" class=\"elementor elementor-389\" data-elementor-post-type=\"page\">\n\t\t\t\t<div class=\"elementor-element elementor-element-b69339d e-flex e-con-boxed e-con e-parent\" data-id=\"b69339d\" data-element_type=\"container\">\n\t\t\t\t\t<div class=\"e-con-inner\">\n\t\t<div class=\"elementor-element elementor-element-78b9560 e-con-full e-flex e-con e-child\" data-id=\"78b9560\" data-element_type=\"container\">\n\t\t\t\t<div class=\"elementor-element elementor-element-d272783 elementor-widget elementor-widget-heading\" data-id=\"d272783\" data-element_type=\"widget\" data-widget_type=\"heading.default\">\n\t\t\t\t<div class=\"elementor-widget-container\">\n\t\t\t\t\t<h1 class=\"elementor-heading-title elementor-size-default\">Rosa Premium Aspidistra<\/h1>\t\t\t\t<\/div>\n\t\t\t\t<\/div>\n\t\t\t\t<\/div>\n\t\t\t\t\t<\/div>\n\t\t\t\t<\/div>\n\t\t<div class=\"elementor-element elementor-element-83928aa e-flex e-con-boxed e-con e-parent\" data-id=\"83928aa\" data-element_type=\"container\">\n\t\t\t\t\t<div class=\"e-con-inner\">\n\t\t<div class=\"elementor-element elementor-element-c5dade8 e-con-full e-flex e-con e-child\" data-id=\"c5dade8\" data-element_type=\"container\">\n\t\t<div class=\"elementor-element elementor-element-45aaec0 e-con-full e-flex e-con e-child\" data-id=\"45aaec0\" data-element_type=\"container\">\n\t\t\t\t<div class=\"elementor-element elementor-element-869e940 elementor-widget elementor-widget-heading\" data-id=\"869e940\" data-element_type=\"widget\" data-widget_type=\"heading.default\">\n\t\t\t\t<div class=\"elementor-widget-container\">\n\t\t\t\t\t<h2 class=\"elementor-heading-title elementor-size-default\">Rosa Premium Aspidistra (Muntada)<\/h2>\t\t\t\t<\/div>\n\t\t\t\t<\/div>\n\t\t\t\t<div class=\"elementor-element elementor-element-a3b61ac elementor-widget elementor-widget-text-editor\" data-id=\"a3b61ac\" data-element_type=\"widget\" data-widget_type=\"text-editor.default\">\n\t\t\t\t<div class=\"elementor-widget-container\">\n\t\t\t\t\t\t\t\t\t<p>La rosa Premium Aspidistra \u00e9s <strong>totalment org\u00e0nica<\/strong>. \u00c9s una rosa de la <strong>varietat Freedom<\/strong> que es lliura ja manipulada perque no hagis de fer cap esfor\u00e7, llesta per vendre!<\/p><p>La comanda <strong>inclou el transport<\/strong> i els materials que utilitzem s\u00f3n fulles d&#8217;aspidistra, espiga seca i la cinta t\u00e8xtil amb el dibuix de la senyera.<\/p><p>Sempre te la servim en un <strong>aquapack<\/strong> (<strong>caixes de 35 unitats<\/strong> on la rosa ve hidratada en aigua dins d&#8217;un cubell).<\/p>\t\t\t\t\t\t\t\t<\/div>\n\t\t\t\t<\/div>\n\t\t\t\t<div class=\"elementor-element elementor-element-560ae6e elementor-widget elementor-widget-button\" data-id=\"560ae6e\" data-element_type=\"widget\" data-widget_type=\"button.default\">\n\t\t\t\t<div class=\"elementor-widget-container\">\n\t\t\t\t\t\t\t\t\t<div class=\"elementor-button-wrapper\">\n\t\t\t\t\t<a class=\"elementor-button elementor-button-link elementor-size-sm\" href=\"#form\">\n\t\t\t\t\t\t<span class=\"elementor-button-content-wrapper\">\n\t\t\t\t\t\t\t\t\t<span class=\"elementor-button-text\">Demana pressupost<\/span>\n\t\t\t\t\t<\/span>\n\t\t\t\t\t<\/a>\n\t\t\t\t<\/div>\n\t\t\t\t\t\t\t\t<\/div>\n\t\t\t\t<\/div>\n\t\t\t\t<\/div>\n\t\t<div class=\"elementor-element elementor-element-8efb58f e-con-full e-flex e-con e-child\" data-id=\"8efb58f\" data-element_type=\"container\">\n\t\t\t\t<div class=\"elementor-element elementor-element-47d80f3 elementor-widget elementor-widget-image\" data-id=\"47d80f3\" data-element_type=\"widget\" data-widget_type=\"image.default\">\n\t\t\t\t<div class=\"elementor-widget-container\">\n\t\t\t\t\t\t\t\t\t\t\t\t\t\t\t<img fetchpriority=\"high\" decoding=\"async\" width=\"768\" height=\"768\" src=\"https:\/\/barnarosa.cat\/wp-content\/uploads\/2025\/03\/IMG_20250228_115137-2-768x768.jpg\" class=\"attachment-medium_large size-medium_large wp-image-655\" alt=\"\" srcset=\"https:\/\/barnarosa.cat\/wp-content\/uploads\/2025\/03\/IMG_20250228_115137-2-768x768.jpg 768w, https:\/\/barnarosa.cat\/wp-content\/uploads\/2025\/03\/IMG_20250228_115137-2-300x300.jpg 300w, https:\/\/barnarosa.cat\/wp-content\/uploads\/2025\/03\/IMG_20250228_115137-2-1024x1024.jpg 1024w, https:\/\/barnarosa.cat\/wp-content\/uploads\/2025\/03\/IMG_20250228_115137-2-150x150.jpg 150w, https:\/\/barnarosa.cat\/wp-content\/uploads\/2025\/03\/IMG_20250228_115137-2.jpg 1472w\" sizes=\"(max-width: 768px) 100vw, 768px\" \/>\t\t\t\t\t\t\t\t\t\t\t\t\t\t\t<\/div>\n\t\t\t\t<\/div>\n\t\t\t\t<\/div>\n\t\t\t\t<\/div>\n\t\t\t\t\t<\/div>\n\t\t\t\t<\/div>\n\t\t<div class=\"elementor-element elementor-element-7d85d40 e-flex e-con-boxed e-con e-parent\" data-id=\"7d85d40\" data-element_type=\"container\">\n\t\t\t\t\t<div class=\"e-con-inner\">\n\t\t<div class=\"elementor-element elementor-element-8eac179 e-con-full e-flex e-con e-child\" data-id=\"8eac179\" data-element_type=\"container\">\n\t\t<div class=\"elementor-element elementor-element-e78a342 e-con-full e-flex e-con e-child\" data-id=\"e78a342\" data-element_type=\"container\">\n\t\t\t\t<div class=\"elementor-element elementor-element-4e01d84 elementor-widget elementor-widget-image\" data-id=\"4e01d84\" data-element_type=\"widget\" data-widget_type=\"image.default\">\n\t\t\t\t<div class=\"elementor-widget-container\">\n\t\t\t\t\t\t\t\t\t\t\t\t\t\t\t<img decoding=\"async\" width=\"768\" height=\"768\" src=\"https:\/\/barnarosa.cat\/wp-content\/uploads\/2025\/03\/IMG_20250228_151455-2-768x768.jpg\" class=\"attachment-medium_large size-medium_large wp-image-648\" alt=\"\" srcset=\"https:\/\/barnarosa.cat\/wp-content\/uploads\/2025\/03\/IMG_20250228_151455-2-768x768.jpg 768w, https:\/\/barnarosa.cat\/wp-content\/uploads\/2025\/03\/IMG_20250228_151455-2-300x300.jpg 300w, https:\/\/barnarosa.cat\/wp-content\/uploads\/2025\/03\/IMG_20250228_151455-2-1024x1024.jpg 1024w, https:\/\/barnarosa.cat\/wp-content\/uploads\/2025\/03\/IMG_20250228_151455-2-150x150.jpg 150w, https:\/\/barnarosa.cat\/wp-content\/uploads\/2025\/03\/IMG_20250228_151455-2.jpg 1379w\" sizes=\"(max-width: 768px) 100vw, 768px\" \/>\t\t\t\t\t\t\t\t\t\t\t\t\t\t\t<\/div>\n\t\t\t\t<\/div>\n\t\t\t\t<\/div>\n\t\t<div class=\"elementor-element elementor-element-f3ee2eb e-con-full e-flex e-con e-child\" data-id=\"f3ee2eb\" data-element_type=\"container\">\n\t\t\t\t<div class=\"elementor-element elementor-element-d30f78d elementor-widget elementor-widget-heading\" data-id=\"d30f78d\" data-element_type=\"widget\" data-widget_type=\"heading.default\">\n\t\t\t\t<div class=\"elementor-widget-container\">\n\t\t\t\t\t<h2 class=\"elementor-heading-title elementor-size-default\">Rosa Premium Aspidistra (Sense Muntar)<\/h2>\t\t\t\t<\/div>\n\t\t\t\t<\/div>\n\t\t\t\t<div class=\"elementor-element elementor-element-623a648 elementor-widget elementor-widget-text-editor\" data-id=\"623a648\" data-element_type=\"widget\" data-widget_type=\"text-editor.default\">\n\t\t\t\t<div class=\"elementor-widget-container\">\n\t\t\t\t\t\t\t\t\t<p>La rosa Premium Aspidistra \u00e9s <strong>totalment org\u00e0nica<\/strong>. \u00c9s una rosa de la <strong>varietat Freedom<\/strong> que es lliura amb els <strong>materials necessaris<\/strong> perque puguis muntar tu mateix la rosa i aix\u00ed <strong>ajustar el teu pressupost al m\u00e0xim<\/strong>.<\/p><p>La teva comanda de roses <strong>inclou el transport<\/strong> i els materials que utilitzem s\u00f3n fulles d&#8217;aspidistra, espiga seca i la cinta t\u00e8xtil amb el dibuix de la senyera.<\/p><p>Sempre te la servim en <strong>caixes en sec<\/strong>, on trobar\u00e0s tant la rosa com la resta de materials perque les puguis muntar.<\/p>\t\t\t\t\t\t\t\t<\/div>\n\t\t\t\t<\/div>\n\t\t\t\t<div class=\"elementor-element elementor-element-fd7acc9 elementor-widget elementor-widget-button\" data-id=\"fd7acc9\" data-element_type=\"widget\" data-widget_type=\"button.default\">\n\t\t\t\t<div class=\"elementor-widget-container\">\n\t\t\t\t\t\t\t\t\t<div class=\"elementor-button-wrapper\">\n\t\t\t\t\t<a class=\"elementor-button elementor-button-link elementor-size-sm\" href=\"#form\">\n\t\t\t\t\t\t<span class=\"elementor-button-content-wrapper\">\n\t\t\t\t\t\t\t\t\t<span class=\"elementor-button-text\">Demana pressupost<\/span>\n\t\t\t\t\t<\/span>\n\t\t\t\t\t<\/a>\n\t\t\t\t<\/div>\n\t\t\t\t\t\t\t\t<\/div>\n\t\t\t\t<\/div>\n\t\t\t\t<\/div>\n\t\t\t\t<\/div>\n\t\t\t\t\t<\/div>\n\t\t\t\t<\/div>\n\t\t<div class=\"elementor-element elementor-element-be4c037 e-flex e-con-boxed e-con e-parent\" data-id=\"be4c037\" data-element_type=\"container\" id=\"form\">\n\t\t\t\t\t<div class=\"e-con-inner\">\n\t\t<div class=\"elementor-element elementor-element-03a0b60 e-con-full e-flex e-con e-child\" data-id=\"03a0b60\" data-element_type=\"container\">\n\t\t\t\t<div class=\"elementor-element elementor-element-523bcfd elementor-widget elementor-widget-heading\" data-id=\"523bcfd\" data-element_type=\"widget\" data-widget_type=\"heading.default\">\n\t\t\t\t<div class=\"elementor-widget-container\">\n\t\t\t\t\t<h2 class=\"elementor-heading-title elementor-size-default\">Contactem amb tu!<\/h2>\t\t\t\t<\/div>\n\t\t\t\t<\/div>\n\t\t\t\t<div class=\"elementor-element elementor-element-340758c elementor-widget elementor-widget-text-editor\" data-id=\"340758c\" data-element_type=\"widget\" data-widget_type=\"text-editor.default\">\n\t\t\t\t<div class=\"elementor-widget-container\">\n\t\t\t\t\t\t\t\t\t<p>Tens alg\u00fan dubte o vols sol\u00b7licitar pressupost? Ens posem en contacte amb tu.<\/p>\t\t\t\t\t\t\t\t<\/div>\n\t\t\t\t<\/div>\n\t\t<div class=\"elementor-element elementor-element-de2e637 e-con-full e-flex e-con e-child\" data-id=\"de2e637\" data-element_type=\"container\">\n\t\t\t\t<div class=\"elementor-element elementor-element-0a59bb5 elementor-button-align-stretch elementor-widget elementor-widget-form\" data-id=\"0a59bb5\" data-element_type=\"widget\" data-settings=\"{&quot;step_next_label&quot;:&quot;Next&quot;,&quot;step_previous_label&quot;:&quot;Previous&quot;,&quot;button_width&quot;:&quot;100&quot;,&quot;step_type&quot;:&quot;number_text&quot;,&quot;step_icon_shape&quot;:&quot;circle&quot;}\" data-widget_type=\"form.default\">\n\t\t\t\t<div class=\"elementor-widget-container\">\n\t\t\t\t\t\t\t<form class=\"elementor-form\" method=\"post\" name=\"New Form\" aria-label=\"New Form\" action=\"\">\n\t\t\t<input type=\"hidden\" name=\"post_id\" value=\"389\"\/>\n\t\t\t<input type=\"hidden\" name=\"form_id\" value=\"0a59bb5\"\/>\n\t\t\t<input type=\"hidden\" name=\"referer_title\" value=\"Rosa Premium Aspidistra | Barnarosa\" \/>\n\n\t\t\t\t\t\t\t<input type=\"hidden\" name=\"queried_id\" value=\"389\"\/>\n\t\t\t\n\t\t\t<div class=\"elementor-form-fields-wrapper elementor-labels-above\">\n\t\t\t\t\t\t\t\t<div class=\"elementor-field-type-checkbox elementor-field-group elementor-column elementor-field-group-metode elementor-col-100\">\n\t\t\t\t\t\t\t\t\t\t\t\t<label for=\"form-field-metode\" class=\"elementor-field-label\">\n\t\t\t\t\t\t\t\tEscull com prefereixes que et contactem:\t\t\t\t\t\t\t<\/label>\n\t\t\t\t\t\t<div class=\"elementor-field-subgroup  elementor-subgroup-inline\"><span class=\"elementor-field-option\"><input type=\"checkbox\" value=\"Tel\u00e8fon (Et truquem!)\" id=\"form-field-metode-0\" name=\"form_fields[metode][]\"> <label for=\"form-field-metode-0\">Tel\u00e8fon (Et truquem!)<\/label><\/span><span class=\"elementor-field-option\"><input type=\"checkbox\" value=\"WhatsApp\" id=\"form-field-metode-1\" name=\"form_fields[metode][]\"> <label for=\"form-field-metode-1\">WhatsApp<\/label><\/span><span class=\"elementor-field-option\"><input type=\"checkbox\" value=\"Email\" id=\"form-field-metode-2\" name=\"form_fields[metode][]\"> <label for=\"form-field-metode-2\">Email<\/label><\/span><\/div>\t\t\t\t<\/div>\n\t\t\t\t\t\t\t\t<div class=\"elementor-field-type-text elementor-field-group elementor-column elementor-field-group-name elementor-col-50 elementor-field-required\">\n\t\t\t\t\t\t\t\t\t\t\t\t<label for=\"form-field-name\" class=\"elementor-field-label\">\n\t\t\t\t\t\t\t\tNom i cognom\t\t\t\t\t\t\t<\/label>\n\t\t\t\t\t\t\t\t\t\t\t\t\t\t<input size=\"1\" type=\"text\" name=\"form_fields[name]\" id=\"form-field-name\" class=\"elementor-field elementor-size-sm  elementor-field-textual\" placeholder=\"Nom i cognom\" required=\"required\">\n\t\t\t\t\t\t\t\t\t\t\t<\/div>\n\t\t\t\t\t\t\t\t<div class=\"elementor-field-type-tel elementor-field-group elementor-column elementor-field-group-tel elementor-col-50 elementor-field-required\">\n\t\t\t\t\t\t\t\t\t\t\t\t<label for=\"form-field-tel\" class=\"elementor-field-label\">\n\t\t\t\t\t\t\t\tTel\u00e8fon\t\t\t\t\t\t\t<\/label>\n\t\t\t\t\t\t\t\t<input size=\"1\" type=\"tel\" name=\"form_fields[tel]\" id=\"form-field-tel\" class=\"elementor-field elementor-size-sm  elementor-field-textual\" placeholder=\"Tel\u00e8fon\" required=\"required\" pattern=\"[0-9()#&amp;+*-=.]+\" title=\"Only numbers and phone characters (#, -, *, etc) are accepted.\">\n\n\t\t\t\t\t\t<\/div>\n\t\t\t\t\t\t\t\t<div class=\"elementor-field-type-email elementor-field-group elementor-column elementor-field-group-email elementor-col-100 elementor-field-required\">\n\t\t\t\t\t\t\t\t\t\t\t\t<label for=\"form-field-email\" class=\"elementor-field-label\">\n\t\t\t\t\t\t\t\tCorreu\t\t\t\t\t\t\t<\/label>\n\t\t\t\t\t\t\t\t\t\t\t\t\t\t<input size=\"1\" type=\"email\" name=\"form_fields[email]\" id=\"form-field-email\" class=\"elementor-field elementor-size-sm  elementor-field-textual\" placeholder=\"Correu\" required=\"required\">\n\t\t\t\t\t\t\t\t\t\t\t<\/div>\n\t\t\t\t\t\t\t\t<div class=\"elementor-field-type-textarea elementor-field-group elementor-column elementor-field-group-message elementor-col-100 elementor-field-required\">\n\t\t\t\t\t\t\t\t\t\t\t\t<label for=\"form-field-message\" class=\"elementor-field-label\">\n\t\t\t\t\t\t\t\tMissatge\t\t\t\t\t\t\t<\/label>\n\t\t\t\t\t\t<textarea class=\"elementor-field-textual elementor-field  elementor-size-sm\" name=\"form_fields[message]\" id=\"form-field-message\" rows=\"4\" placeholder=\"Escriu aqu\u00ed la teva consulta (requerit)\" required=\"required\"><\/textarea>\t\t\t\t<\/div>\n\t\t\t\t\t\t\t\t<div class=\"elementor-field-type-acceptance elementor-field-group elementor-column elementor-field-group-field_6d1c5a0 elementor-col-100 elementor-field-required\">\n\t\t\t\t\t\t\t<div class=\"elementor-field-subgroup\">\n\t\t\t<span class=\"elementor-field-option\">\n\t\t\t\t<input type=\"checkbox\" name=\"form_fields[field_6d1c5a0]\" id=\"form-field-field_6d1c5a0\" class=\"elementor-field elementor-size-sm  elementor-acceptance-field\" required=\"required\">\n\t\t\t\t<label for=\"form-field-field_6d1c5a0\">He llegit i accepto la pol\u00edtica de privacitat.<\/label>\t\t\t<\/span>\n\t\t<\/div>\n\t\t\t\t\t\t<\/div>\n\t\t\t\t\t\t\t\t<div class=\"elementor-field-type-text\">\n\t\t\t\t\t<input size=\"1\" type=\"text\" name=\"form_fields[honeypot]\" id=\"form-field-honeypot\" class=\"elementor-field elementor-size-sm\" style=\"display:none !important;\">\t\t\t\t<\/div>\n\t\t\t\t\t\t\t\t<div class=\"elementor-field-type-recaptcha_v3 elementor-field-group elementor-column elementor-field-group-recaptchav3 elementor-col-100 recaptcha_v3-bottomright\">\n\t\t\t\t\t<div class=\"elementor-field\" id=\"form-field-recaptchav3\"><div class=\"elementor-g-recaptcha\" data-sitekey=\"6Lf24vsqAAAAAFmdYRLK-2kQfgsV1ELFqSk7qn_g\" data-type=\"v3\" data-action=\"Form\" data-badge=\"bottomright\" data-size=\"invisible\"><\/div><\/div>\t\t\t\t<\/div>\n\t\t\t\t\t\t\t\t<div class=\"elementor-field-group elementor-column elementor-field-type-submit elementor-col-100 e-form__buttons\">\n\t\t\t\t\t<button class=\"elementor-button elementor-size-sm\" type=\"submit\">\n\t\t\t\t\t\t<span class=\"elementor-button-content-wrapper\">\n\t\t\t\t\t\t\t\t\t\t\t\t\t\t\t\t\t\t\t\t\t\t<span class=\"elementor-button-text\">Enviar<\/span>\n\t\t\t\t\t\t\t\t\t\t\t\t\t<\/span>\n\t\t\t\t\t<\/button>\n\t\t\t\t<\/div>\n\t\t\t<\/div>\n\t\t<input type=\"hidden\" name=\"trp-form-language\" value=\"es\"\/><\/form>\n\t\t\t\t\t\t<\/div>\n\t\t\t\t<\/div>\n\t\t\t\t<\/div>\n\t\t\t\t<\/div>\n\t\t\t\t\t<\/div>\n\t\t\t\t<\/div>\n\t\t\t\t<\/div>","protected":false},"excerpt":{"rendered":"<p>Rosa Premium Aspidistra Rosa Premium Aspidistra (Muntada) La rosa Premium Aspidistra \u00e9s totalment org\u00e0nica. \u00c9s una rosa de la varietat Freedom que es lliura ja manipulada perque no hagis de fer cap esfor\u00e7, llesta per vendre! La comanda inclou el transport i els materials que utilitzem s\u00f3n fulles d&#8217;aspidistra, espiga seca i la cinta t\u00e8xtil [&hellip;]<\/p>","protected":false},"author":1,"featured_media":0,"parent":12,"menu_order":0,"comment_status":"closed","ping_status":"closed","template":"","meta":{"footnotes":""},"class_list":["post-389","page","type-page","status-publish","hentry"],"yoast_head":"<!-- This site is optimized with the Yoast SEO plugin v26.2 - https:\/\/yoast.com\/wordpress\/plugins\/seo\/ -->\n<title>Rosa Premium Aspidistra | Barnarosa<\/title>\n<meta name=\"description\" content=\"Rosa Premium Aspidistra totalment natural de la varietat Freedom. Vestida amb fulles d&#039;aspidistra, espiga seca i cinta de la senyera.\" \/>\n<meta name=\"robots\" content=\"index, follow, max-snippet:-1, max-image-preview:large, max-video-preview:-1\" \/>\n<link rel=\"canonical\" href=\"https:\/\/barnarosa.cat\/es\/cataleg\/rosa-premium-aspidistra\/\" \/>\n<meta property=\"og:locale\" content=\"es_ES\" \/>\n<meta property=\"og:type\" content=\"article\" \/>\n<meta property=\"og:title\" content=\"Rosa Premium Aspidistra | Barnarosa\" \/>\n<meta property=\"og:description\" content=\"Rosa Premium Aspidistra totalment natural de la varietat Freedom. Vestida amb fulles d&#039;aspidistra, espiga seca i cinta de la senyera.\" \/>\n<meta property=\"og:url\" content=\"https:\/\/barnarosa.cat\/es\/cataleg\/rosa-premium-aspidistra\/\" \/>\n<meta property=\"og:site_name\" content=\"BarnaRosa\" \/>\n<meta property=\"article:modified_time\" content=\"2025-11-04T10:35:11+00:00\" \/>\n<meta property=\"og:image\" content=\"https:\/\/barnarosa.cat\/wp-content\/uploads\/2025\/03\/IMG_20250228_115137-2.jpg\" \/>\n\t<meta property=\"og:image:width\" content=\"1472\" \/>\n\t<meta property=\"og:image:height\" content=\"1472\" \/>\n\t<meta property=\"og:image:type\" content=\"image\/jpeg\" \/>\n<meta name=\"twitter:card\" content=\"summary_large_image\" \/>\n<meta name=\"twitter:label1\" content=\"Tiempo de lectura\" \/>\n\t<meta name=\"twitter:data1\" content=\"2 minutos\" \/>\n<script type=\"application\/ld+json\" class=\"yoast-schema-graph\">{\"@context\":\"https:\/\/schema.org\",\"@graph\":[{\"@type\":\"WebPage\",\"@id\":\"https:\/\/barnarosa.cat\/cataleg\/rosa-premium-aspidistra\/\",\"url\":\"https:\/\/barnarosa.cat\/cataleg\/rosa-premium-aspidistra\/\",\"name\":\"Rosa Premium Aspidistra | Barnarosa\",\"isPartOf\":{\"@id\":\"https:\/\/barnarosa.cat\/#website\"},\"primaryImageOfPage\":{\"@id\":\"https:\/\/barnarosa.cat\/cataleg\/rosa-premium-aspidistra\/#primaryimage\"},\"image\":{\"@id\":\"https:\/\/barnarosa.cat\/cataleg\/rosa-premium-aspidistra\/#primaryimage\"},\"thumbnailUrl\":\"https:\/\/barnarosa.cat\/wp-content\/uploads\/2025\/03\/IMG_20250228_115137-2-768x768.jpg\",\"datePublished\":\"2025-02-19T16:01:54+00:00\",\"dateModified\":\"2025-11-04T10:35:11+00:00\",\"description\":\"Rosa Premium Aspidistra totalment natural de la varietat Freedom. Vestida amb fulles d'aspidistra, espiga seca i cinta de la senyera.\",\"breadcrumb\":{\"@id\":\"https:\/\/barnarosa.cat\/cataleg\/rosa-premium-aspidistra\/#breadcrumb\"},\"inLanguage\":\"es\",\"potentialAction\":[{\"@type\":\"ReadAction\",\"target\":[\"https:\/\/barnarosa.cat\/cataleg\/rosa-premium-aspidistra\/\"]}]},{\"@type\":\"ImageObject\",\"inLanguage\":\"es\",\"@id\":\"https:\/\/barnarosa.cat\/cataleg\/rosa-premium-aspidistra\/#primaryimage\",\"url\":\"https:\/\/barnarosa.cat\/wp-content\/uploads\/2025\/03\/IMG_20250228_115137-2-768x768.jpg\",\"contentUrl\":\"https:\/\/barnarosa.cat\/wp-content\/uploads\/2025\/03\/IMG_20250228_115137-2-768x768.jpg\"},{\"@type\":\"BreadcrumbList\",\"@id\":\"https:\/\/barnarosa.cat\/cataleg\/rosa-premium-aspidistra\/#breadcrumb\",\"itemListElement\":[{\"@type\":\"ListItem\",\"position\":1,\"name\":\"Portada\",\"item\":\"https:\/\/barnarosa.cat\/\"},{\"@type\":\"ListItem\",\"position\":2,\"name\":\"Cat\u00e0leg\",\"item\":\"https:\/\/barnarosa.cat\/cataleg\/\"},{\"@type\":\"ListItem\",\"position\":3,\"name\":\"Rosa Premium Aspidistra\"}]},{\"@type\":\"WebSite\",\"@id\":\"https:\/\/barnarosa.cat\/#website\",\"url\":\"https:\/\/barnarosa.cat\/\",\"name\":\"BarnaRosa\",\"description\":\"\",\"publisher\":{\"@id\":\"https:\/\/barnarosa.cat\/#organization\"},\"potentialAction\":[{\"@type\":\"SearchAction\",\"target\":{\"@type\":\"EntryPoint\",\"urlTemplate\":\"https:\/\/barnarosa.cat\/?s={search_term_string}\"},\"query-input\":{\"@type\":\"PropertyValueSpecification\",\"valueRequired\":true,\"valueName\":\"search_term_string\"}}],\"inLanguage\":\"es\"},{\"@type\":\"Organization\",\"@id\":\"https:\/\/barnarosa.cat\/#organization\",\"name\":\"BarnaRosa\",\"url\":\"https:\/\/barnarosa.cat\/\",\"logo\":{\"@type\":\"ImageObject\",\"inLanguage\":\"es\",\"@id\":\"https:\/\/barnarosa.cat\/#\/schema\/logo\/image\/\",\"url\":\"https:\/\/barnarosa.cat\/wp-content\/uploads\/2025\/01\/BarnaRosa_logo-Red-copiaweb.webp\",\"contentUrl\":\"https:\/\/barnarosa.cat\/wp-content\/uploads\/2025\/01\/BarnaRosa_logo-Red-copiaweb.webp\",\"width\":1053,\"height\":1121,\"caption\":\"BarnaRosa\"},\"image\":{\"@id\":\"https:\/\/barnarosa.cat\/#\/schema\/logo\/image\/\"}}]}<\/script>\n<!-- \/ Yoast SEO plugin. -->","yoast_head_json":{"title":"Rosa Premium Aspidistra | Barnarosa","description":"Rosa Premium Aspidistra totalment natural de la varietat Freedom. Vestida amb fulles d'aspidistra, espiga seca i cinta de la senyera.","robots":{"index":"index","follow":"follow","max-snippet":"max-snippet:-1","max-image-preview":"max-image-preview:large","max-video-preview":"max-video-preview:-1"},"canonical":"https:\/\/barnarosa.cat\/es\/cataleg\/rosa-premium-aspidistra\/","og_locale":"es_ES","og_type":"article","og_title":"Rosa Premium Aspidistra | Barnarosa","og_description":"Rosa Premium Aspidistra totalment natural de la varietat Freedom. Vestida amb fulles d'aspidistra, espiga seca i cinta de la senyera.","og_url":"https:\/\/barnarosa.cat\/es\/cataleg\/rosa-premium-aspidistra\/","og_site_name":"BarnaRosa","article_modified_time":"2025-11-04T10:35:11+00:00","og_image":[{"width":1472,"height":1472,"url":"https:\/\/barnarosa.cat\/wp-content\/uploads\/2025\/03\/IMG_20250228_115137-2.jpg","type":"image\/jpeg"}],"twitter_card":"summary_large_image","twitter_misc":{"Tiempo de lectura":"2 minutos"},"schema":{"@context":"https:\/\/schema.org","@graph":[{"@type":"WebPage","@id":"https:\/\/barnarosa.cat\/cataleg\/rosa-premium-aspidistra\/","url":"https:\/\/barnarosa.cat\/cataleg\/rosa-premium-aspidistra\/","name":"Rosa Premium Aspidistra | Barnarosa","isPartOf":{"@id":"https:\/\/barnarosa.cat\/#website"},"primaryImageOfPage":{"@id":"https:\/\/barnarosa.cat\/cataleg\/rosa-premium-aspidistra\/#primaryimage"},"image":{"@id":"https:\/\/barnarosa.cat\/cataleg\/rosa-premium-aspidistra\/#primaryimage"},"thumbnailUrl":"https:\/\/barnarosa.cat\/wp-content\/uploads\/2025\/03\/IMG_20250228_115137-2-768x768.jpg","datePublished":"2025-02-19T16:01:54+00:00","dateModified":"2025-11-04T10:35:11+00:00","description":"Rosa Premium Aspidistra totalment natural de la varietat Freedom. Vestida amb fulles d'aspidistra, espiga seca i cinta de la senyera.","breadcrumb":{"@id":"https:\/\/barnarosa.cat\/cataleg\/rosa-premium-aspidistra\/#breadcrumb"},"inLanguage":"es","potentialAction":[{"@type":"ReadAction","target":["https:\/\/barnarosa.cat\/cataleg\/rosa-premium-aspidistra\/"]}]},{"@type":"ImageObject","inLanguage":"es","@id":"https:\/\/barnarosa.cat\/cataleg\/rosa-premium-aspidistra\/#primaryimage","url":"https:\/\/barnarosa.cat\/wp-content\/uploads\/2025\/03\/IMG_20250228_115137-2-768x768.jpg","contentUrl":"https:\/\/barnarosa.cat\/wp-content\/uploads\/2025\/03\/IMG_20250228_115137-2-768x768.jpg"},{"@type":"BreadcrumbList","@id":"https:\/\/barnarosa.cat\/cataleg\/rosa-premium-aspidistra\/#breadcrumb","itemListElement":[{"@type":"ListItem","position":1,"name":"Portada","item":"https:\/\/barnarosa.cat\/"},{"@type":"ListItem","position":2,"name":"Cat\u00e0leg","item":"https:\/\/barnarosa.cat\/cataleg\/"},{"@type":"ListItem","position":3,"name":"Rosa Premium Aspidistra"}]},{"@type":"WebSite","@id":"https:\/\/barnarosa.cat\/#website","url":"https:\/\/barnarosa.cat\/","name":"BarnaRosa","description":"","publisher":{"@id":"https:\/\/barnarosa.cat\/#organization"},"potentialAction":[{"@type":"SearchAction","target":{"@type":"EntryPoint","urlTemplate":"https:\/\/barnarosa.cat\/?s={search_term_string}"},"query-input":{"@type":"PropertyValueSpecification","valueRequired":true,"valueName":"search_term_string"}}],"inLanguage":"es"},{"@type":"Organization","@id":"https:\/\/barnarosa.cat\/#organization","name":"BarnaRosa","url":"https:\/\/barnarosa.cat\/","logo":{"@type":"ImageObject","inLanguage":"es","@id":"https:\/\/barnarosa.cat\/#\/schema\/logo\/image\/","url":"https:\/\/barnarosa.cat\/wp-content\/uploads\/2025\/01\/BarnaRosa_logo-Red-copiaweb.webp","contentUrl":"https:\/\/barnarosa.cat\/wp-content\/uploads\/2025\/01\/BarnaRosa_logo-Red-copiaweb.webp","width":1053,"height":1121,"caption":"BarnaRosa"},"image":{"@id":"https:\/\/barnarosa.cat\/#\/schema\/logo\/image\/"}}]}},"_links":{"self":[{"href":"https:\/\/barnarosa.cat\/es\/wp-json\/wp\/v2\/pages\/389","targetHints":{"allow":["GET"]}}],"collection":[{"href":"https:\/\/barnarosa.cat\/es\/wp-json\/wp\/v2\/pages"}],"about":[{"href":"https:\/\/barnarosa.cat\/es\/wp-json\/wp\/v2\/types\/page"}],"author":[{"embeddable":true,"href":"https:\/\/barnarosa.cat\/es\/wp-json\/wp\/v2\/users\/1"}],"replies":[{"embeddable":true,"href":"https:\/\/barnarosa.cat\/es\/wp-json\/wp\/v2\/comments?post=389"}],"version-history":[{"count":22,"href":"https:\/\/barnarosa.cat\/es\/wp-json\/wp\/v2\/pages\/389\/revisions"}],"predecessor-version":[{"id":735,"href":"https:\/\/barnarosa.cat\/es\/wp-json\/wp\/v2\/pages\/389\/revisions\/735"}],"up":[{"embeddable":true,"href":"https:\/\/barnarosa.cat\/es\/wp-json\/wp\/v2\/pages\/12"}],"wp:attachment":[{"href":"https:\/\/barnarosa.cat\/es\/wp-json\/wp\/v2\/media?parent=389"}],"curies":[{"name":"wp","href":"https:\/\/api.w.org\/{rel}","templated":true}]}}