{"id":327,"date":"2025-02-19T14:08:07","date_gmt":"2025-02-19T14:08:07","guid":{"rendered":"https:\/\/barnarosa.cat\/?page_id=327"},"modified":"2025-11-04T10:24:32","modified_gmt":"2025-11-04T10:24:32","slug":"faqs","status":"publish","type":"page","link":"https:\/\/barnarosa.cat\/es\/faqs\/","title":{"rendered":"FAQ&#8217;s"},"content":{"rendered":"<div data-elementor-type=\"wp-page\" data-elementor-id=\"327\" class=\"elementor elementor-327\" data-elementor-post-type=\"page\">\n\t\t\t\t<div class=\"elementor-element elementor-element-e01cf4b e-flex e-con-boxed e-con e-parent\" data-id=\"e01cf4b\" data-element_type=\"container\">\n\t\t\t\t\t<div class=\"e-con-inner\">\n\t\t<div class=\"elementor-element elementor-element-c89de73 e-con-full e-flex e-con e-child\" data-id=\"c89de73\" data-element_type=\"container\">\n\t\t\t\t<div class=\"elementor-element elementor-element-243f4b0 elementor-widget elementor-widget-heading\" data-id=\"243f4b0\" data-element_type=\"widget\" data-widget_type=\"heading.default\">\n\t\t\t\t<div class=\"elementor-widget-container\">\n\t\t\t\t\t<h1 class=\"elementor-heading-title elementor-size-default\">Preguntes Freq\u00fcents<\/h1>\t\t\t\t<\/div>\n\t\t\t\t<\/div>\n\t\t\t\t<div class=\"elementor-element elementor-element-3d195ef elementor-widget elementor-widget-heading\" data-id=\"3d195ef\" data-element_type=\"widget\" data-widget_type=\"heading.default\">\n\t\t\t\t<div class=\"elementor-widget-container\">\n\t\t\t\t\t<h2 class=\"elementor-heading-title elementor-size-default\">Qu\u00e8 \u00e9s el Pack Est\u00e0ndard i el Pack Muntat? Com s'entreguen les roses?<\/h2>\t\t\t\t<\/div>\n\t\t\t\t<\/div>\n\t\t\t\t<div class=\"elementor-element elementor-element-9994e9b elementor-widget elementor-widget-text-editor\" data-id=\"9994e9b\" data-element_type=\"widget\" data-widget_type=\"text-editor.default\">\n\t\t\t\t<div class=\"elementor-widget-container\">\n\t\t\t\t\t\t\t\t\t<p>\u00c9s la nomenclatura segons classifiquem els nostres productes.<\/p><ul><li>El <strong>Pack Est\u00e0ndard<\/strong> es compon de la rosa acompanyada amb el material per separat (bossa, espiga i cinta).<br \/><br \/><\/li><\/ul><p>Per fer el muntatge a casa. S&#8217;entrega en una cap\u00e7a rectangular en sec, on la rosa va en paquets de 25 roses. Les espiques s&#8217;entreguen en feixos d&#8217;unes 40-50 unitats i la cinta en rotllos de 100 metres. \u00c9s <strong>imprescindible<\/strong> si feu la comanda d&#8217;aquest pack, que un cop rebeu la rosa, talleu la tija i les poseu immediatament amb aigua per tal que s&#8217;hidratin.<\/p><ul><li>El <strong>Pack Muntat<\/strong> es compon de la rosa muntada amb la bossa l&#8217;espiga i la cinta, a punt per vendre.<br \/><br \/><\/li><\/ul><p>Se serveix amb aquacapces de 100 unitats que inclou una galleda a l&#8217;interior. L&#8217;aquacap\u00e7a \u00e9s molt pr\u00e0ctica per moure les roses durant la Diada i serveix per mantenir-les protegides en el seu transport i emmagatzematge. La <strong>mida de l&#8217;aquacap\u00e7a \u00e9s de 40x40x85cm<\/strong>.<\/p>\t\t\t\t\t\t\t\t<\/div>\n\t\t\t\t<\/div>\n\t\t\t\t<div class=\"elementor-element elementor-element-45a19a4 elementor-widget elementor-widget-heading\" data-id=\"45a19a4\" data-element_type=\"widget\" data-widget_type=\"heading.default\">\n\t\t\t\t<div class=\"elementor-widget-container\">\n\t\t\t\t\t<h2 class=\"elementor-heading-title elementor-size-default\">Qu\u00e8 inclou el preu ofertat a la web?<\/h2>\t\t\t\t<\/div>\n\t\t\t\t<\/div>\n\t\t\t\t<div class=\"elementor-element elementor-element-c0e11c7 elementor-widget elementor-widget-text-editor\" data-id=\"c0e11c7\" data-element_type=\"widget\" data-widget_type=\"text-editor.default\">\n\t\t\t\t<div class=\"elementor-widget-container\">\n\t\t\t\t\t\t\t\t\t<p>El preu inclou tot l&#8217;esmentat segons el pack adquirit.<\/p><p>El <strong>transport esta incl\u00f2s per Barcelona, Baix Llobregat, Vall\u00e8s Oriental i Occidental<\/strong>. D&#8217;altres poblacions poden tenir despeses de transport adicionals.<\/p><p>El <strong>10% d&#8217;iva no est\u00e0 incl\u00f2s<\/strong>. Tampoc no estan inclosos els descomptes, visiteu la pestanya <span style=\"text-decoration: underline;\"><span style=\"color: #f22c43;\"><strong><a style=\"color: #f22c43; text-decoration: underline;\" href=\"https:\/\/barnarosa.cat\/es\/descomptes\/\">descomptes<\/a><\/strong><\/span><\/span> de la nostra web per aconseguir millor preu per les vostres roses.<\/p>\t\t\t\t\t\t\t\t<\/div>\n\t\t\t\t<\/div>\n\t\t\t\t<div class=\"elementor-element elementor-element-a11f9df elementor-widget elementor-widget-heading\" data-id=\"a11f9df\" data-element_type=\"widget\" data-widget_type=\"heading.default\">\n\t\t\t\t<div class=\"elementor-widget-container\">\n\t\t\t\t\t<h2 class=\"elementor-heading-title elementor-size-default\">Fins quan puc reservar\/comprar les roses?<\/h2>\t\t\t\t<\/div>\n\t\t\t\t<\/div>\n\t\t\t\t<div class=\"elementor-element elementor-element-77fc7bf elementor-widget elementor-widget-text-editor\" data-id=\"77fc7bf\" data-element_type=\"widget\" data-widget_type=\"text-editor.default\">\n\t\t\t\t<div class=\"elementor-widget-container\">\n\t\t\t\t\t\t\t\t\t<p>Les pots comprar <strong>fins que ens quedem sense exist\u00e8ncies<\/strong>.<\/p><p>Recomanem fer les comandes durant el mes de <strong>Febrer-Mar\u00e7<\/strong> per tal d&#8217;<strong>aconseguir millors preus<\/strong> i garantir la reserva de les roses.<\/p>\t\t\t\t\t\t\t\t<\/div>\n\t\t\t\t<\/div>\n\t\t\t\t<div class=\"elementor-element elementor-element-53a0932 elementor-widget elementor-widget-heading\" data-id=\"53a0932\" data-element_type=\"widget\" data-widget_type=\"heading.default\">\n\t\t\t\t<div class=\"elementor-widget-container\">\n\t\t\t\t\t<h2 class=\"elementor-heading-title elementor-size-default\">Quin \u00e9s el m\u00ednim de compra?<\/h2>\t\t\t\t<\/div>\n\t\t\t\t<\/div>\n\t\t\t\t<div class=\"elementor-element elementor-element-bba1491 elementor-widget elementor-widget-text-editor\" data-id=\"bba1491\" data-element_type=\"widget\" data-widget_type=\"text-editor.default\">\n\t\t\t\t<div class=\"elementor-widget-container\">\n\t\t\t\t\t\t\t\t\t<p>La quantitat m\u00ednima tant pel Pack Muntat com pel Pack Est\u00e0ndard \u00e9s de <strong>100 unitats<\/strong>.<\/p>\t\t\t\t\t\t\t\t<\/div>\n\t\t\t\t<\/div>\n\t\t\t\t<div class=\"elementor-element elementor-element-b862048 elementor-widget elementor-widget-heading\" data-id=\"b862048\" data-element_type=\"widget\" data-widget_type=\"heading.default\">\n\t\t\t\t<div class=\"elementor-widget-container\">\n\t\t\t\t\t<h2 class=\"elementor-heading-title elementor-size-default\">Com puc fer una comanda?<\/h2>\t\t\t\t<\/div>\n\t\t\t\t<\/div>\n\t\t\t\t<div class=\"elementor-element elementor-element-a84e9d4 elementor-widget elementor-widget-text-editor\" data-id=\"a84e9d4\" data-element_type=\"widget\" data-widget_type=\"text-editor.default\">\n\t\t\t\t<div class=\"elementor-widget-container\">\n\t\t\t\t\t\t\t\t\t<p>Podeu fer la comanda de 2 maneres diferents:<\/p><ol><li><span style=\"color: #f22c43;\"><a style=\"color: #f22c43;\" href=\"https:\/\/barnarosa.cat\/es\/contacte\/\"><strong><span style=\"text-decoration: underline;\">A trav\u00e9s del formulari<\/span><\/strong><\/a><\/span> de contacte de la nostra web.<\/li><li><strong>Mitjan\u00e7ant un comercial<\/strong>.<br \/><br \/><\/li><\/ol><p>Visita l&#8217;apartat <span style=\"text-decoration: underline;\"><span style=\"color: #f22c43; text-decoration: underline;\"><strong><a style=\"color: #f22c43; text-decoration: underline;\" href=\"https:\/\/barnarosa.cat\/es\/contacte\/\">contacte<\/a><\/strong><\/span><\/span> per rebre m\u00e9s informaci\u00f3.<\/p>\t\t\t\t\t\t\t\t<\/div>\n\t\t\t\t<\/div>\n\t\t\t\t<div class=\"elementor-element elementor-element-6e51c6f elementor-widget elementor-widget-heading\" data-id=\"6e51c6f\" data-element_type=\"widget\" data-widget_type=\"heading.default\">\n\t\t\t\t<div class=\"elementor-widget-container\">\n\t\t\t\t\t<h2 class=\"elementor-heading-title elementor-size-default\">M\u00e8todes de pagament i pagament de la comanda:<\/h2>\t\t\t\t<\/div>\n\t\t\t\t<\/div>\n\t\t\t\t<div class=\"elementor-element elementor-element-ab78fd3 elementor-widget elementor-widget-text-editor\" data-id=\"ab78fd3\" data-element_type=\"widget\" data-widget_type=\"text-editor.default\">\n\t\t\t\t<div class=\"elementor-widget-container\">\n\t\t\t\t\t\t\t\t\t<p><strong>M\u00e8todes de pagament: <\/strong>Es pot realitzar mitjan\u00e7ant transfer\u00e8ncia banc\u00e0ria o ingr\u00e9s al compte.<\/p><p><strong>Paga i senyal:<\/strong> La paga i senyal per reservar les roses \u00e9s d&#8217;entre el 50% i el 100% del total de la comanda.<\/p><p>La resta s&#8217;ha de pagar a trav\u00e9s del mateix sistema <strong>abans del dia 20 d&#8217;Abril<\/strong>.<\/p>\t\t\t\t\t\t\t\t<\/div>\n\t\t\t\t<\/div>\n\t\t\t\t<div class=\"elementor-element elementor-element-1eaaa05 elementor-widget elementor-widget-heading\" data-id=\"1eaaa05\" data-element_type=\"widget\" data-widget_type=\"heading.default\">\n\t\t\t\t<div class=\"elementor-widget-container\">\n\t\t\t\t\t<h2 class=\"elementor-heading-title elementor-size-default\">Qu\u00e8 necessito per vendre roses al carrer?<\/h2>\t\t\t\t<\/div>\n\t\t\t\t<\/div>\n\t\t\t\t<div class=\"elementor-element elementor-element-ce37dc9 elementor-widget elementor-widget-text-editor\" data-id=\"ce37dc9\" data-element_type=\"widget\" data-widget_type=\"text-editor.default\">\n\t\t\t\t<div class=\"elementor-widget-container\">\n\t\t\t\t\t\t\t\t\t<p><strong>Material:<\/strong> Necessitar\u00e0s un taulell, unes tisores de florista, tisores normals, i algunes galledes amb aigua fresca.<\/p><p><strong>Demana perm\u00eds al teu ajuntament:<\/strong> Visita el nostre apartat <span style=\"text-decoration: underline; color: #f22c43;\"><strong><a style=\"color: #f22c43; text-decoration: underline;\" href=\"https:\/\/barnarosa.cat\/es\/llicencies\/\">Llic\u00e8ncies<\/a><\/strong><\/span> per mes informaci\u00f3.<\/p><p>\u00a0<\/p>\t\t\t\t\t\t\t\t<\/div>\n\t\t\t\t<\/div>\n\t\t\t\t<\/div>\n\t\t\t\t\t<\/div>\n\t\t\t\t<\/div>\n\t\t<div class=\"elementor-element elementor-element-8f26d60 e-flex e-con-boxed e-con e-parent\" data-id=\"8f26d60\" data-element_type=\"container\">\n\t\t\t\t\t<div class=\"e-con-inner\">\n\t\t<div class=\"elementor-element elementor-element-c188508 e-con-full e-flex e-con e-child\" data-id=\"c188508\" data-element_type=\"container\">\n\t\t\t\t<div class=\"elementor-element elementor-element-ca2c510 elementor-widget elementor-widget-heading\" data-id=\"ca2c510\" data-element_type=\"widget\" data-widget_type=\"heading.default\">\n\t\t\t\t<div class=\"elementor-widget-container\">\n\t\t\t\t\t<p class=\"elementor-heading-title elementor-size-default\">No ho dubtis m\u00e9s<\/p>\t\t\t\t<\/div>\n\t\t\t\t<\/div>\n\t\t\t\t<div class=\"elementor-element elementor-element-4c7d148 elementor-widget elementor-widget-heading\" data-id=\"4c7d148\" data-element_type=\"widget\" data-widget_type=\"heading.default\">\n\t\t\t\t<div class=\"elementor-widget-container\">\n\t\t\t\t\t<h2 class=\"elementor-heading-title elementor-size-default\">Fes ja la teva comanda!<\/h2>\t\t\t\t<\/div>\n\t\t\t\t<\/div>\n\t\t\t\t<div class=\"elementor-element elementor-element-34a9eb6 elementor-widget elementor-widget-text-editor\" data-id=\"34a9eb6\" data-element_type=\"widget\" data-widget_type=\"text-editor.default\">\n\t\t\t\t<div class=\"elementor-widget-container\">\n\t\t\t\t\t\t\t\t\t<p>Tens alg\u00fan dubte o vols sol\u00b7licitar pressupost? Ens posem en contacte amb tu.<\/p>\t\t\t\t\t\t\t\t<\/div>\n\t\t\t\t<\/div>\n\t\t<div class=\"elementor-element elementor-element-3112a09 e-con-full e-flex e-con e-child\" data-id=\"3112a09\" data-element_type=\"container\">\n\t\t\t\t<div class=\"elementor-element elementor-element-15948a7 elementor-button-align-stretch elementor-widget elementor-widget-form\" data-id=\"15948a7\" data-element_type=\"widget\" data-settings=\"{&quot;step_next_label&quot;:&quot;Next&quot;,&quot;step_previous_label&quot;:&quot;Previous&quot;,&quot;button_width&quot;:&quot;100&quot;,&quot;step_type&quot;:&quot;number_text&quot;,&quot;step_icon_shape&quot;:&quot;circle&quot;}\" data-widget_type=\"form.default\">\n\t\t\t\t<div class=\"elementor-widget-container\">\n\t\t\t\t\t\t\t<form class=\"elementor-form\" method=\"post\" name=\"New Form\" aria-label=\"New Form\" action=\"\">\n\t\t\t<input type=\"hidden\" name=\"post_id\" value=\"327\"\/>\n\t\t\t<input type=\"hidden\" name=\"form_id\" value=\"15948a7\"\/>\n\t\t\t<input type=\"hidden\" name=\"referer_title\" value=\"Preguntes Freq\u00fcents (FAQ\u2019s) | Barnarosa\" \/>\n\n\t\t\t\t\t\t\t<input type=\"hidden\" name=\"queried_id\" value=\"327\"\/>\n\t\t\t\n\t\t\t<div class=\"elementor-form-fields-wrapper elementor-labels-above\">\n\t\t\t\t\t\t\t\t<div class=\"elementor-field-type-checkbox elementor-field-group elementor-column elementor-field-group-metode elementor-col-100\">\n\t\t\t\t\t\t\t\t\t\t\t\t<label for=\"form-field-metode\" class=\"elementor-field-label\">\n\t\t\t\t\t\t\t\tEscull com prefereixes que et contactem:\t\t\t\t\t\t\t<\/label>\n\t\t\t\t\t\t<div class=\"elementor-field-subgroup  elementor-subgroup-inline\"><span class=\"elementor-field-option\"><input type=\"checkbox\" value=\"Tel\u00e8fon (Et truquem!)\" id=\"form-field-metode-0\" name=\"form_fields[metode][]\"> <label for=\"form-field-metode-0\">Tel\u00e8fon (Et truquem!)<\/label><\/span><span class=\"elementor-field-option\"><input type=\"checkbox\" value=\"WhatsApp\" id=\"form-field-metode-1\" name=\"form_fields[metode][]\"> <label for=\"form-field-metode-1\">WhatsApp<\/label><\/span><span class=\"elementor-field-option\"><input type=\"checkbox\" value=\"Email\" id=\"form-field-metode-2\" name=\"form_fields[metode][]\"> <label for=\"form-field-metode-2\">Email<\/label><\/span><\/div>\t\t\t\t<\/div>\n\t\t\t\t\t\t\t\t<div class=\"elementor-field-type-text elementor-field-group elementor-column elementor-field-group-name elementor-col-50 elementor-field-required\">\n\t\t\t\t\t\t\t\t\t\t\t\t<label for=\"form-field-name\" class=\"elementor-field-label\">\n\t\t\t\t\t\t\t\tNom i cognom\t\t\t\t\t\t\t<\/label>\n\t\t\t\t\t\t\t\t\t\t\t\t\t\t<input size=\"1\" type=\"text\" name=\"form_fields[name]\" id=\"form-field-name\" class=\"elementor-field elementor-size-sm  elementor-field-textual\" placeholder=\"Nom i cognom\" required=\"required\">\n\t\t\t\t\t\t\t\t\t\t\t<\/div>\n\t\t\t\t\t\t\t\t<div class=\"elementor-field-type-tel elementor-field-group elementor-column elementor-field-group-tel elementor-col-50 elementor-field-required\">\n\t\t\t\t\t\t\t\t\t\t\t\t<label for=\"form-field-tel\" class=\"elementor-field-label\">\n\t\t\t\t\t\t\t\tTel\u00e8fon\t\t\t\t\t\t\t<\/label>\n\t\t\t\t\t\t\t\t<input size=\"1\" type=\"tel\" name=\"form_fields[tel]\" id=\"form-field-tel\" class=\"elementor-field elementor-size-sm  elementor-field-textual\" placeholder=\"Tel\u00e8fon\" required=\"required\" pattern=\"[0-9()#&amp;+*-=.]+\" title=\"Only numbers and phone characters (#, -, *, etc) are accepted.\">\n\n\t\t\t\t\t\t<\/div>\n\t\t\t\t\t\t\t\t<div class=\"elementor-field-type-email elementor-field-group elementor-column elementor-field-group-email elementor-col-100 elementor-field-required\">\n\t\t\t\t\t\t\t\t\t\t\t\t<label for=\"form-field-email\" class=\"elementor-field-label\">\n\t\t\t\t\t\t\t\tCorreu\t\t\t\t\t\t\t<\/label>\n\t\t\t\t\t\t\t\t\t\t\t\t\t\t<input size=\"1\" type=\"email\" name=\"form_fields[email]\" id=\"form-field-email\" class=\"elementor-field elementor-size-sm  elementor-field-textual\" placeholder=\"Correu\" required=\"required\">\n\t\t\t\t\t\t\t\t\t\t\t<\/div>\n\t\t\t\t\t\t\t\t<div class=\"elementor-field-type-textarea elementor-field-group elementor-column elementor-field-group-message elementor-col-100 elementor-field-required\">\n\t\t\t\t\t\t\t\t\t\t\t\t<label for=\"form-field-message\" class=\"elementor-field-label\">\n\t\t\t\t\t\t\t\tMissatge\t\t\t\t\t\t\t<\/label>\n\t\t\t\t\t\t<textarea class=\"elementor-field-textual elementor-field  elementor-size-sm\" name=\"form_fields[message]\" id=\"form-field-message\" rows=\"4\" placeholder=\"Escriu aqu\u00ed la teva consulta (requerit)\" required=\"required\"><\/textarea>\t\t\t\t<\/div>\n\t\t\t\t\t\t\t\t<div class=\"elementor-field-type-acceptance elementor-field-group elementor-column elementor-field-group-field_6d1c5a0 elementor-col-100 elementor-field-required\">\n\t\t\t\t\t\t\t<div class=\"elementor-field-subgroup\">\n\t\t\t<span class=\"elementor-field-option\">\n\t\t\t\t<input type=\"checkbox\" name=\"form_fields[field_6d1c5a0]\" id=\"form-field-field_6d1c5a0\" class=\"elementor-field elementor-size-sm  elementor-acceptance-field\" required=\"required\">\n\t\t\t\t<label for=\"form-field-field_6d1c5a0\">He llegit i accepto la pol\u00edtica de privacitat.<\/label>\t\t\t<\/span>\n\t\t<\/div>\n\t\t\t\t\t\t<\/div>\n\t\t\t\t\t\t\t\t<div class=\"elementor-field-type-text\">\n\t\t\t\t\t<input size=\"1\" type=\"text\" name=\"form_fields[honeypot]\" id=\"form-field-honeypot\" class=\"elementor-field elementor-size-sm\" style=\"display:none !important;\">\t\t\t\t<\/div>\n\t\t\t\t\t\t\t\t<div class=\"elementor-field-type-recaptcha_v3 elementor-field-group elementor-column elementor-field-group-recaptchav3 elementor-col-100 recaptcha_v3-bottomright\">\n\t\t\t\t\t<div class=\"elementor-field\" id=\"form-field-recaptchav3\"><div class=\"elementor-g-recaptcha\" data-sitekey=\"6Lf24vsqAAAAAFmdYRLK-2kQfgsV1ELFqSk7qn_g\" data-type=\"v3\" data-action=\"Form\" data-badge=\"bottomright\" data-size=\"invisible\"><\/div><\/div>\t\t\t\t<\/div>\n\t\t\t\t\t\t\t\t<div class=\"elementor-field-group elementor-column elementor-field-type-submit elementor-col-100 e-form__buttons\">\n\t\t\t\t\t<button class=\"elementor-button elementor-size-sm\" type=\"submit\">\n\t\t\t\t\t\t<span class=\"elementor-button-content-wrapper\">\n\t\t\t\t\t\t\t\t\t\t\t\t\t\t\t\t\t\t\t\t\t\t<span class=\"elementor-button-text\">Enviar<\/span>\n\t\t\t\t\t\t\t\t\t\t\t\t\t<\/span>\n\t\t\t\t\t<\/button>\n\t\t\t\t<\/div>\n\t\t\t<\/div>\n\t\t<input type=\"hidden\" name=\"trp-form-language\" value=\"es\"\/><\/form>\n\t\t\t\t\t\t<\/div>\n\t\t\t\t<\/div>\n\t\t\t\t<\/div>\n\t\t\t\t<\/div>\n\t\t\t\t\t<\/div>\n\t\t\t\t<\/div>\n\t\t\t\t<\/div>","protected":false},"excerpt":{"rendered":"<p>Preguntes Freq\u00fcents Qu\u00e8 \u00e9s el Pack Est\u00e0ndard i el Pack Muntat? Com s&#8217;entreguen les roses? \u00c9s la nomenclatura segons classifiquem els nostres productes. El Pack Est\u00e0ndard es compon de la rosa acompanyada amb el material per separat (bossa, espiga i cinta). Per fer el muntatge a casa. S&#8217;entrega en una cap\u00e7a rectangular en sec, on [&hellip;]<\/p>","protected":false},"author":1,"featured_media":0,"parent":0,"menu_order":0,"comment_status":"closed","ping_status":"closed","template":"","meta":{"footnotes":""},"class_list":["post-327","page","type-page","status-publish","hentry"],"yoast_head":"<!-- This site is optimized with the Yoast SEO plugin v26.2 - https:\/\/yoast.com\/wordpress\/plugins\/seo\/ -->\n<title>Preguntes Freq\u00fcents (FAQ\u2019s) | Barnarosa<\/title>\n<meta name=\"description\" content=\"Totes les respostes sobre packs, comandes m\u00ednimes, pagament, transport i llic\u00e8ncies per roses de Sant Jordi per empreses i entitats.\" \/>\n<meta name=\"robots\" content=\"index, follow, max-snippet:-1, max-image-preview:large, max-video-preview:-1\" \/>\n<link rel=\"canonical\" href=\"https:\/\/barnarosa.cat\/es\/faqs\/\" \/>\n<meta property=\"og:locale\" content=\"es_ES\" \/>\n<meta property=\"og:type\" content=\"article\" \/>\n<meta property=\"og:title\" content=\"Preguntes Freq\u00fcents (FAQ\u2019s) | Barnarosa\" \/>\n<meta property=\"og:description\" content=\"Totes les respostes sobre packs, comandes m\u00ednimes, pagament, transport i llic\u00e8ncies per roses de Sant Jordi per empreses i entitats.\" \/>\n<meta property=\"og:url\" content=\"https:\/\/barnarosa.cat\/es\/faqs\/\" \/>\n<meta property=\"og:site_name\" content=\"BarnaRosa\" \/>\n<meta property=\"article:modified_time\" content=\"2025-11-04T10:24:32+00:00\" \/>\n<meta name=\"twitter:card\" content=\"summary_large_image\" \/>\n<meta name=\"twitter:label1\" content=\"Tiempo de lectura\" \/>\n\t<meta name=\"twitter:data1\" content=\"3 minutos\" \/>\n<script type=\"application\/ld+json\" class=\"yoast-schema-graph\">{\"@context\":\"https:\/\/schema.org\",\"@graph\":[{\"@type\":\"WebPage\",\"@id\":\"https:\/\/barnarosa.cat\/faqs\/\",\"url\":\"https:\/\/barnarosa.cat\/faqs\/\",\"name\":\"Preguntes Freq\u00fcents (FAQ\u2019s) | Barnarosa\",\"isPartOf\":{\"@id\":\"https:\/\/barnarosa.cat\/#website\"},\"datePublished\":\"2025-02-19T14:08:07+00:00\",\"dateModified\":\"2025-11-04T10:24:32+00:00\",\"description\":\"Totes les respostes sobre packs, comandes m\u00ednimes, pagament, transport i llic\u00e8ncies per roses de Sant Jordi per empreses i entitats.\",\"breadcrumb\":{\"@id\":\"https:\/\/barnarosa.cat\/faqs\/#breadcrumb\"},\"inLanguage\":\"es\",\"potentialAction\":[{\"@type\":\"ReadAction\",\"target\":[\"https:\/\/barnarosa.cat\/faqs\/\"]}]},{\"@type\":\"BreadcrumbList\",\"@id\":\"https:\/\/barnarosa.cat\/faqs\/#breadcrumb\",\"itemListElement\":[{\"@type\":\"ListItem\",\"position\":1,\"name\":\"Portada\",\"item\":\"https:\/\/barnarosa.cat\/\"},{\"@type\":\"ListItem\",\"position\":2,\"name\":\"FAQ&#8217;s\"}]},{\"@type\":\"WebSite\",\"@id\":\"https:\/\/barnarosa.cat\/#website\",\"url\":\"https:\/\/barnarosa.cat\/\",\"name\":\"BarnaRosa\",\"description\":\"\",\"publisher\":{\"@id\":\"https:\/\/barnarosa.cat\/#organization\"},\"potentialAction\":[{\"@type\":\"SearchAction\",\"target\":{\"@type\":\"EntryPoint\",\"urlTemplate\":\"https:\/\/barnarosa.cat\/?s={search_term_string}\"},\"query-input\":{\"@type\":\"PropertyValueSpecification\",\"valueRequired\":true,\"valueName\":\"search_term_string\"}}],\"inLanguage\":\"es\"},{\"@type\":\"Organization\",\"@id\":\"https:\/\/barnarosa.cat\/#organization\",\"name\":\"BarnaRosa\",\"url\":\"https:\/\/barnarosa.cat\/\",\"logo\":{\"@type\":\"ImageObject\",\"inLanguage\":\"es\",\"@id\":\"https:\/\/barnarosa.cat\/#\/schema\/logo\/image\/\",\"url\":\"https:\/\/barnarosa.cat\/wp-content\/uploads\/2025\/01\/BarnaRosa_logo-Red-copiaweb.webp\",\"contentUrl\":\"https:\/\/barnarosa.cat\/wp-content\/uploads\/2025\/01\/BarnaRosa_logo-Red-copiaweb.webp\",\"width\":1053,\"height\":1121,\"caption\":\"BarnaRosa\"},\"image\":{\"@id\":\"https:\/\/barnarosa.cat\/#\/schema\/logo\/image\/\"}}]}<\/script>\n<!-- \/ Yoast SEO plugin. -->","yoast_head_json":{"title":"Preguntes Freq\u00fcents (FAQ\u2019s) | Barnarosa","description":"Totes les respostes sobre packs, comandes m\u00ednimes, pagament, transport i llic\u00e8ncies per roses de Sant Jordi per empreses i entitats.","robots":{"index":"index","follow":"follow","max-snippet":"max-snippet:-1","max-image-preview":"max-image-preview:large","max-video-preview":"max-video-preview:-1"},"canonical":"https:\/\/barnarosa.cat\/es\/faqs\/","og_locale":"es_ES","og_type":"article","og_title":"Preguntes Freq\u00fcents (FAQ\u2019s) | Barnarosa","og_description":"Totes les respostes sobre packs, comandes m\u00ednimes, pagament, transport i llic\u00e8ncies per roses de Sant Jordi per empreses i entitats.","og_url":"https:\/\/barnarosa.cat\/es\/faqs\/","og_site_name":"BarnaRosa","article_modified_time":"2025-11-04T10:24:32+00:00","twitter_card":"summary_large_image","twitter_misc":{"Tiempo de lectura":"3 minutos"},"schema":{"@context":"https:\/\/schema.org","@graph":[{"@type":"WebPage","@id":"https:\/\/barnarosa.cat\/faqs\/","url":"https:\/\/barnarosa.cat\/faqs\/","name":"Preguntes Freq\u00fcents (FAQ\u2019s) | Barnarosa","isPartOf":{"@id":"https:\/\/barnarosa.cat\/#website"},"datePublished":"2025-02-19T14:08:07+00:00","dateModified":"2025-11-04T10:24:32+00:00","description":"Totes les respostes sobre packs, comandes m\u00ednimes, pagament, transport i llic\u00e8ncies per roses de Sant Jordi per empreses i entitats.","breadcrumb":{"@id":"https:\/\/barnarosa.cat\/faqs\/#breadcrumb"},"inLanguage":"es","potentialAction":[{"@type":"ReadAction","target":["https:\/\/barnarosa.cat\/faqs\/"]}]},{"@type":"BreadcrumbList","@id":"https:\/\/barnarosa.cat\/faqs\/#breadcrumb","itemListElement":[{"@type":"ListItem","position":1,"name":"Portada","item":"https:\/\/barnarosa.cat\/"},{"@type":"ListItem","position":2,"name":"FAQ&#8217;s"}]},{"@type":"WebSite","@id":"https:\/\/barnarosa.cat\/#website","url":"https:\/\/barnarosa.cat\/","name":"BarnaRosa","description":"","publisher":{"@id":"https:\/\/barnarosa.cat\/#organization"},"potentialAction":[{"@type":"SearchAction","target":{"@type":"EntryPoint","urlTemplate":"https:\/\/barnarosa.cat\/?s={search_term_string}"},"query-input":{"@type":"PropertyValueSpecification","valueRequired":true,"valueName":"search_term_string"}}],"inLanguage":"es"},{"@type":"Organization","@id":"https:\/\/barnarosa.cat\/#organization","name":"BarnaRosa","url":"https:\/\/barnarosa.cat\/","logo":{"@type":"ImageObject","inLanguage":"es","@id":"https:\/\/barnarosa.cat\/#\/schema\/logo\/image\/","url":"https:\/\/barnarosa.cat\/wp-content\/uploads\/2025\/01\/BarnaRosa_logo-Red-copiaweb.webp","contentUrl":"https:\/\/barnarosa.cat\/wp-content\/uploads\/2025\/01\/BarnaRosa_logo-Red-copiaweb.webp","width":1053,"height":1121,"caption":"BarnaRosa"},"image":{"@id":"https:\/\/barnarosa.cat\/#\/schema\/logo\/image\/"}}]}},"_links":{"self":[{"href":"https:\/\/barnarosa.cat\/es\/wp-json\/wp\/v2\/pages\/327","targetHints":{"allow":["GET"]}}],"collection":[{"href":"https:\/\/barnarosa.cat\/es\/wp-json\/wp\/v2\/pages"}],"about":[{"href":"https:\/\/barnarosa.cat\/es\/wp-json\/wp\/v2\/types\/page"}],"author":[{"embeddable":true,"href":"https:\/\/barnarosa.cat\/es\/wp-json\/wp\/v2\/users\/1"}],"replies":[{"embeddable":true,"href":"https:\/\/barnarosa.cat\/es\/wp-json\/wp\/v2\/comments?post=327"}],"version-history":[{"count":13,"href":"https:\/\/barnarosa.cat\/es\/wp-json\/wp\/v2\/pages\/327\/revisions"}],"predecessor-version":[{"id":747,"href":"https:\/\/barnarosa.cat\/es\/wp-json\/wp\/v2\/pages\/327\/revisions\/747"}],"wp:attachment":[{"href":"https:\/\/barnarosa.cat\/es\/wp-json\/wp\/v2\/media?parent=327"}],"curies":[{"name":"wp","href":"https:\/\/api.w.org\/{rel}","templated":true}]}}