{"id":288,"date":"2025-02-19T11:24:00","date_gmt":"2025-02-19T11:24:00","guid":{"rendered":"https:\/\/barnarosa.cat\/?page_id=288"},"modified":"2025-11-04T10:24:23","modified_gmt":"2025-11-04T10:24:23","slug":"descomptes","status":"publish","type":"page","link":"https:\/\/barnarosa.cat\/es\/descomptes\/","title":{"rendered":"Descomptes"},"content":{"rendered":"<div data-elementor-type=\"wp-page\" data-elementor-id=\"288\" class=\"elementor elementor-288\" data-elementor-post-type=\"page\">\n\t\t\t\t<div class=\"elementor-element elementor-element-1890f1e e-flex e-con-boxed e-con e-parent\" data-id=\"1890f1e\" data-element_type=\"container\" data-settings=\"{&quot;background_background&quot;:&quot;classic&quot;}\">\n\t\t\t\t\t<div class=\"e-con-inner\">\n\t\t<div class=\"elementor-element elementor-element-469a1d6 e-grid e-con-full elementor-invisible e-con e-child\" data-id=\"469a1d6\" data-element_type=\"container\" data-settings=\"{&quot;animation&quot;:&quot;slideInUp&quot;}\">\n\t\t\t\t<div class=\"elementor-element elementor-element-6b9ef26 elementor-widget elementor-widget-heading\" data-id=\"6b9ef26\" data-element_type=\"widget\" data-settings=\"{&quot;_animation&quot;:&quot;none&quot;}\" data-widget_type=\"heading.default\">\n\t\t\t\t<div class=\"elementor-widget-container\">\n\t\t\t\t\t<h1 class=\"elementor-heading-title elementor-size-default\">Descomptes<\/h1>\t\t\t\t<\/div>\n\t\t\t\t<\/div>\n\t\t\t\t<\/div>\n\t\t\t\t\t<\/div>\n\t\t\t\t<\/div>\n\t\t<div class=\"elementor-element elementor-element-583632e e-flex e-con-boxed e-con e-parent\" data-id=\"583632e\" data-element_type=\"container\">\n\t\t\t\t\t<div class=\"e-con-inner\">\n\t\t<div class=\"elementor-element elementor-element-6710874 e-con-full e-flex e-con e-child\" data-id=\"6710874\" data-element_type=\"container\">\n\t\t\t\t<div class=\"elementor-element elementor-element-6f236d1 elementor-widget elementor-widget-heading\" data-id=\"6f236d1\" data-element_type=\"widget\" data-widget_type=\"heading.default\">\n\t\t\t\t<div class=\"elementor-widget-container\">\n\t\t\t\t\t<h2 class=\"elementor-heading-title elementor-size-default\">Opci\u00f3 A:<\/h2>\t\t\t\t<\/div>\n\t\t\t\t<\/div>\n\t\t\t\t<div class=\"elementor-element elementor-element-0204cfd elementor-widget elementor-widget-text-editor\" data-id=\"0204cfd\" data-element_type=\"widget\" data-widget_type=\"text-editor.default\">\n\t\t\t\t<div class=\"elementor-widget-container\">\n\t\t\t\t\t\t\t\t\t<p>Recull la teva comanda al nostre local i <strong><span style=\"color: #f22c43;\">estalvia&#8217;t el transport!<\/span><\/strong><\/p>\t\t\t\t\t\t\t\t<\/div>\n\t\t\t\t<\/div>\n\t\t<div class=\"elementor-element elementor-element-3509727 e-con-full e-flex e-con e-child\" data-id=\"3509727\" data-element_type=\"container\">\n\t\t\t\t<div class=\"elementor-element elementor-element-805c043 elementor-widget elementor-widget-text-editor\" data-id=\"805c043\" data-element_type=\"widget\" data-widget_type=\"text-editor.default\">\n\t\t\t\t<div class=\"elementor-widget-container\">\n\t\t\t\t\t\t\t\t\t<p>Horari: De 9:00h &#8211; 14:00h i de 15:00h &#8211; 18:00h<br \/>Adre\u00e7a: Carrer de l&#8217;Empord\u00e0, 15, I, 08192 &#8211; Sant Quirze del Vall\u00e8s<\/p>\t\t\t\t\t\t\t\t<\/div>\n\t\t\t\t<\/div>\n\t\t\t\t<div class=\"elementor-element elementor-element-5a6aa97 elementor-widget elementor-widget-text-editor\" data-id=\"5a6aa97\" data-element_type=\"widget\" data-widget_type=\"text-editor.default\">\n\t\t\t\t<div class=\"elementor-widget-container\">\n\t\t\t\t\t\t\t\t\t<p>Si compres 300 roses del pack muntat de 60cm t&#8217;estalvies 33\u20ac!<\/p>\t\t\t\t\t\t\t\t<\/div>\n\t\t\t\t<\/div>\n\t\t\t\t<\/div>\n\t\t\t\t<\/div>\n\t\t<div class=\"elementor-element elementor-element-23ae920 e-con-full e-flex e-con e-child\" data-id=\"23ae920\" data-element_type=\"container\">\n\t\t\t\t<div class=\"elementor-element elementor-element-05ecd0a elementor-widget elementor-widget-heading\" data-id=\"05ecd0a\" data-element_type=\"widget\" data-widget_type=\"heading.default\">\n\t\t\t\t<div class=\"elementor-widget-container\">\n\t\t\t\t\t<h2 class=\"elementor-heading-title elementor-size-default\">Opci\u00f3 B:<\/h2>\t\t\t\t<\/div>\n\t\t\t\t<\/div>\n\t\t\t\t<div class=\"elementor-element elementor-element-702696a elementor-widget elementor-widget-text-editor\" data-id=\"702696a\" data-element_type=\"widget\" data-widget_type=\"text-editor.default\">\n\t\t\t\t<div class=\"elementor-widget-container\">\n\t\t\t\t\t\t\t\t\t<p>Compra anticipada (abans del 1 de Mar\u00e7) i gaudeix de <span style=\"color: #f22c43;\"><strong>5 c\u00e8ntims de descompte per cada unitat<\/strong><\/span>.<\/p>\t\t\t\t\t\t\t\t<\/div>\n\t\t\t\t<\/div>\n\t\t\t\t<div class=\"elementor-element elementor-element-7af527c elementor-widget elementor-widget-text-editor\" data-id=\"7af527c\" data-element_type=\"widget\" data-widget_type=\"text-editor.default\">\n\t\t\t\t<div class=\"elementor-widget-container\">\n\t\t\t\t\t\t\t\t\t<p>Comprant les 300 roses del pack muntat de 60cm t&#8217;estalvies 16,50\u20ac!<\/p>\t\t\t\t\t\t\t\t<\/div>\n\t\t\t\t<\/div>\n\t\t\t\t<\/div>\n\t\t<div class=\"elementor-element elementor-element-114aba2 e-con-full e-flex e-con e-child\" data-id=\"114aba2\" data-element_type=\"container\">\n\t\t\t\t<div class=\"elementor-element elementor-element-25c7807 elementor-widget elementor-widget-heading\" data-id=\"25c7807\" data-element_type=\"widget\" data-widget_type=\"heading.default\">\n\t\t\t\t<div class=\"elementor-widget-container\">\n\t\t\t\t\t<h2 class=\"elementor-heading-title elementor-size-default\">Opci\u00f3 C:<\/h2>\t\t\t\t<\/div>\n\t\t\t\t<\/div>\n\t\t\t\t<div class=\"elementor-element elementor-element-947d1f4 elementor-widget elementor-widget-text-editor\" data-id=\"947d1f4\" data-element_type=\"widget\" data-widget_type=\"text-editor.default\">\n\t\t\t\t<div class=\"elementor-widget-container\">\n\t\t\t\t\t\t\t\t\t<p>Porta&#8217;ns un nou amic i gaudir\u00e0s de <strong><span style=\"color: #f22c43;\">5 c\u00e8ntims de descompte per cada unitat<br \/><\/span><\/strong>i el teu amic tindr\u00e0 un descompte de <strong><span style=\"color: #f22c43;\">3 c\u00e8ntims per cada unitat<\/span><\/strong>.<strong><span style=\"color: #f22c43;\"><br \/><\/span><\/strong><\/p>\t\t\t\t\t\t\t\t<\/div>\n\t\t\t\t<\/div>\n\t\t\t\t<div class=\"elementor-element elementor-element-ebf0e8b elementor-widget elementor-widget-text-editor\" data-id=\"ebf0e8b\" data-element_type=\"widget\" data-widget_type=\"text-editor.default\">\n\t\t\t\t<div class=\"elementor-widget-container\">\n\t\t\t\t\t\t\t\t\t<p>Comprant les 300 roses del pack muntat de 60cm t&#8217;estalvies 16,50\u20ac i 9,90\u20ac el teu amic!<\/p>\t\t\t\t\t\t\t\t<\/div>\n\t\t\t\t<\/div>\n\t\t\t\t<\/div>\n\t\t<div class=\"elementor-element elementor-element-f046cc0 e-con-full e-flex e-con e-child\" data-id=\"f046cc0\" data-element_type=\"container\" data-settings=\"{&quot;background_background&quot;:&quot;classic&quot;}\">\n\t\t\t\t<div class=\"elementor-element elementor-element-725090d elementor-widget elementor-widget-text-editor\" data-id=\"725090d\" data-element_type=\"widget\" data-widget_type=\"text-editor.default\">\n\t\t\t\t<div class=\"elementor-widget-container\">\n\t\t\t\t\t\t\t\t\t<p>Si acumules tots el descomptes per una comanda de 300 roses del pack muntat de 60cm t&#8217;estalviar\u00e0s 66\u20ac.<\/p>\t\t\t\t\t\t\t\t<\/div>\n\t\t\t\t<\/div>\n\t\t\t\t<div class=\"elementor-element elementor-element-c44268c elementor-widget elementor-widget-text-editor\" data-id=\"c44268c\" data-element_type=\"widget\" data-widget_type=\"text-editor.default\">\n\t\t\t\t<div class=\"elementor-widget-container\">\n\t\t\t\t\t\t\t\t\t<p><strong>Afanya&#8217;t a tancar la comanda abans del 1 de Mar\u00e7 i aconsegueix el m\u00e0xim estalvi!<\/strong><\/p>\t\t\t\t\t\t\t\t<\/div>\n\t\t\t\t<\/div>\n\t\t\t\t<\/div>\n\t\t\t\t\t<\/div>\n\t\t\t\t<\/div>\n\t\t<div class=\"elementor-element elementor-element-7c8c49d e-flex e-con-boxed e-con e-parent\" data-id=\"7c8c49d\" data-element_type=\"container\">\n\t\t\t\t\t<div class=\"e-con-inner\">\n\t\t<div class=\"elementor-element elementor-element-be492e7 e-con-full e-flex e-con e-child\" data-id=\"be492e7\" data-element_type=\"container\">\n\t\t\t\t<div class=\"elementor-element elementor-element-18b371b elementor-widget elementor-widget-heading\" data-id=\"18b371b\" data-element_type=\"widget\" data-widget_type=\"heading.default\">\n\t\t\t\t<div class=\"elementor-widget-container\">\n\t\t\t\t\t<p class=\"elementor-heading-title elementor-size-default\">No ho dubtis m\u00e9s<\/p>\t\t\t\t<\/div>\n\t\t\t\t<\/div>\n\t\t\t\t<div class=\"elementor-element elementor-element-8f689aa elementor-widget elementor-widget-heading\" data-id=\"8f689aa\" data-element_type=\"widget\" data-widget_type=\"heading.default\">\n\t\t\t\t<div class=\"elementor-widget-container\">\n\t\t\t\t\t<h2 class=\"elementor-heading-title elementor-size-default\">Fes ja la teva comanda!<\/h2>\t\t\t\t<\/div>\n\t\t\t\t<\/div>\n\t\t\t\t<div class=\"elementor-element elementor-element-2edea11 elementor-widget elementor-widget-text-editor\" data-id=\"2edea11\" data-element_type=\"widget\" data-widget_type=\"text-editor.default\">\n\t\t\t\t<div class=\"elementor-widget-container\">\n\t\t\t\t\t\t\t\t\t<p>Tens alg\u00fan dubte o vols sol\u00b7licitar pressupost? Ens posem en contacte amb tu.<\/p>\t\t\t\t\t\t\t\t<\/div>\n\t\t\t\t<\/div>\n\t\t<div class=\"elementor-element elementor-element-ae26a33 e-con-full e-flex e-con e-child\" data-id=\"ae26a33\" data-element_type=\"container\">\n\t\t\t\t<div class=\"elementor-element elementor-element-460959c elementor-button-align-stretch elementor-widget elementor-widget-form\" data-id=\"460959c\" data-element_type=\"widget\" data-settings=\"{&quot;step_next_label&quot;:&quot;Next&quot;,&quot;step_previous_label&quot;:&quot;Previous&quot;,&quot;button_width&quot;:&quot;100&quot;,&quot;step_type&quot;:&quot;number_text&quot;,&quot;step_icon_shape&quot;:&quot;circle&quot;}\" data-widget_type=\"form.default\">\n\t\t\t\t<div class=\"elementor-widget-container\">\n\t\t\t\t\t\t\t<form class=\"elementor-form\" method=\"post\" name=\"New Form\" aria-label=\"New Form\" action=\"\">\n\t\t\t<input type=\"hidden\" name=\"post_id\" value=\"288\"\/>\n\t\t\t<input type=\"hidden\" name=\"form_id\" value=\"460959c\"\/>\n\t\t\t<input type=\"hidden\" name=\"referer_title\" value=\"Promocions i Ofertes Professionals de Roses | Barnarosa\" \/>\n\n\t\t\t\t\t\t\t<input type=\"hidden\" name=\"queried_id\" value=\"288\"\/>\n\t\t\t\n\t\t\t<div class=\"elementor-form-fields-wrapper elementor-labels-above\">\n\t\t\t\t\t\t\t\t<div class=\"elementor-field-type-checkbox elementor-field-group elementor-column elementor-field-group-metode elementor-col-100\">\n\t\t\t\t\t\t\t\t\t\t\t\t<label for=\"form-field-metode\" class=\"elementor-field-label\">\n\t\t\t\t\t\t\t\tEscull com prefereixes que et contactem:\t\t\t\t\t\t\t<\/label>\n\t\t\t\t\t\t<div class=\"elementor-field-subgroup  elementor-subgroup-inline\"><span class=\"elementor-field-option\"><input type=\"checkbox\" value=\"Tel\u00e8fon (Et truquem!)\" id=\"form-field-metode-0\" name=\"form_fields[metode][]\"> <label for=\"form-field-metode-0\">Tel\u00e8fon (Et truquem!)<\/label><\/span><span class=\"elementor-field-option\"><input type=\"checkbox\" value=\"WhatsApp\" id=\"form-field-metode-1\" name=\"form_fields[metode][]\"> <label for=\"form-field-metode-1\">WhatsApp<\/label><\/span><span class=\"elementor-field-option\"><input type=\"checkbox\" value=\"Email\" id=\"form-field-metode-2\" name=\"form_fields[metode][]\"> <label for=\"form-field-metode-2\">Email<\/label><\/span><\/div>\t\t\t\t<\/div>\n\t\t\t\t\t\t\t\t<div class=\"elementor-field-type-text elementor-field-group elementor-column elementor-field-group-name elementor-col-50 elementor-field-required\">\n\t\t\t\t\t\t\t\t\t\t\t\t<label for=\"form-field-name\" class=\"elementor-field-label\">\n\t\t\t\t\t\t\t\tNom i cognom\t\t\t\t\t\t\t<\/label>\n\t\t\t\t\t\t\t\t\t\t\t\t\t\t<input size=\"1\" type=\"text\" name=\"form_fields[name]\" id=\"form-field-name\" class=\"elementor-field elementor-size-sm  elementor-field-textual\" placeholder=\"Nom i cognom\" required=\"required\">\n\t\t\t\t\t\t\t\t\t\t\t<\/div>\n\t\t\t\t\t\t\t\t<div class=\"elementor-field-type-tel elementor-field-group elementor-column elementor-field-group-tel elementor-col-50 elementor-field-required\">\n\t\t\t\t\t\t\t\t\t\t\t\t<label for=\"form-field-tel\" class=\"elementor-field-label\">\n\t\t\t\t\t\t\t\tTel\u00e8fon\t\t\t\t\t\t\t<\/label>\n\t\t\t\t\t\t\t\t<input size=\"1\" type=\"tel\" name=\"form_fields[tel]\" id=\"form-field-tel\" class=\"elementor-field elementor-size-sm  elementor-field-textual\" placeholder=\"Tel\u00e8fon\" required=\"required\" pattern=\"[0-9()#&amp;+*-=.]+\" title=\"Only numbers and phone characters (#, -, *, etc) are accepted.\">\n\n\t\t\t\t\t\t<\/div>\n\t\t\t\t\t\t\t\t<div class=\"elementor-field-type-email elementor-field-group elementor-column elementor-field-group-email elementor-col-100 elementor-field-required\">\n\t\t\t\t\t\t\t\t\t\t\t\t<label for=\"form-field-email\" class=\"elementor-field-label\">\n\t\t\t\t\t\t\t\tCorreu\t\t\t\t\t\t\t<\/label>\n\t\t\t\t\t\t\t\t\t\t\t\t\t\t<input size=\"1\" type=\"email\" name=\"form_fields[email]\" id=\"form-field-email\" class=\"elementor-field elementor-size-sm  elementor-field-textual\" placeholder=\"Correu\" required=\"required\">\n\t\t\t\t\t\t\t\t\t\t\t<\/div>\n\t\t\t\t\t\t\t\t<div class=\"elementor-field-type-textarea elementor-field-group elementor-column elementor-field-group-message elementor-col-100 elementor-field-required\">\n\t\t\t\t\t\t\t\t\t\t\t\t<label for=\"form-field-message\" class=\"elementor-field-label\">\n\t\t\t\t\t\t\t\tMissatge\t\t\t\t\t\t\t<\/label>\n\t\t\t\t\t\t<textarea class=\"elementor-field-textual elementor-field  elementor-size-sm\" name=\"form_fields[message]\" id=\"form-field-message\" rows=\"4\" placeholder=\"Escriu aqu\u00ed la teva consulta (requerit)\" required=\"required\"><\/textarea>\t\t\t\t<\/div>\n\t\t\t\t\t\t\t\t<div class=\"elementor-field-type-acceptance elementor-field-group elementor-column elementor-field-group-field_6d1c5a0 elementor-col-100 elementor-field-required\">\n\t\t\t\t\t\t\t<div class=\"elementor-field-subgroup\">\n\t\t\t<span class=\"elementor-field-option\">\n\t\t\t\t<input type=\"checkbox\" name=\"form_fields[field_6d1c5a0]\" id=\"form-field-field_6d1c5a0\" class=\"elementor-field elementor-size-sm  elementor-acceptance-field\" required=\"required\">\n\t\t\t\t<label for=\"form-field-field_6d1c5a0\">He llegit i accepto la pol\u00edtica de privacitat.<\/label>\t\t\t<\/span>\n\t\t<\/div>\n\t\t\t\t\t\t<\/div>\n\t\t\t\t\t\t\t\t<div class=\"elementor-field-type-text\">\n\t\t\t\t\t<input size=\"1\" type=\"text\" name=\"form_fields[honeypot]\" id=\"form-field-honeypot\" class=\"elementor-field elementor-size-sm\" style=\"display:none !important;\">\t\t\t\t<\/div>\n\t\t\t\t\t\t\t\t<div class=\"elementor-field-type-recaptcha_v3 elementor-field-group elementor-column elementor-field-group-recaptchav3 elementor-col-100 recaptcha_v3-bottomright\">\n\t\t\t\t\t<div class=\"elementor-field\" id=\"form-field-recaptchav3\"><div class=\"elementor-g-recaptcha\" data-sitekey=\"6Lf24vsqAAAAAFmdYRLK-2kQfgsV1ELFqSk7qn_g\" data-type=\"v3\" data-action=\"Form\" data-badge=\"bottomright\" data-size=\"invisible\"><\/div><\/div>\t\t\t\t<\/div>\n\t\t\t\t\t\t\t\t<div class=\"elementor-field-group elementor-column elementor-field-type-submit elementor-col-100 e-form__buttons\">\n\t\t\t\t\t<button class=\"elementor-button elementor-size-sm\" type=\"submit\">\n\t\t\t\t\t\t<span class=\"elementor-button-content-wrapper\">\n\t\t\t\t\t\t\t\t\t\t\t\t\t\t\t\t\t\t\t\t\t\t<span class=\"elementor-button-text\">Enviar<\/span>\n\t\t\t\t\t\t\t\t\t\t\t\t\t<\/span>\n\t\t\t\t\t<\/button>\n\t\t\t\t<\/div>\n\t\t\t<\/div>\n\t\t<input type=\"hidden\" name=\"trp-form-language\" value=\"es\"\/><\/form>\n\t\t\t\t\t\t<\/div>\n\t\t\t\t<\/div>\n\t\t\t\t<\/div>\n\t\t\t\t<\/div>\n\t\t\t\t\t<\/div>\n\t\t\t\t<\/div>\n\t\t\t\t<\/div>","protected":false},"excerpt":{"rendered":"<p>Descomptes Opci\u00f3 A: Recull la teva comanda al nostre local i estalvia&#8217;t el transport! Horari: De 9:00h &#8211; 14:00h i de 15:00h &#8211; 18:00hAdre\u00e7a: Carrer de l&#8217;Empord\u00e0, 15, I, 08192 &#8211; Sant Quirze del Vall\u00e8s Si compres 300 roses del pack muntat de 60cm t&#8217;estalvies 33\u20ac! Opci\u00f3 B: Compra anticipada (abans del 1 de Mar\u00e7) [&hellip;]<\/p>","protected":false},"author":1,"featured_media":0,"parent":0,"menu_order":0,"comment_status":"closed","ping_status":"closed","template":"","meta":{"footnotes":""},"class_list":["post-288","page","type-page","status-publish","hentry"],"yoast_head":"<!-- This site is optimized with the Yoast SEO plugin v26.2 - https:\/\/yoast.com\/wordpress\/plugins\/seo\/ -->\n<title>Promocions i Ofertes Professionals de Roses | Barnarosa<\/title>\n<meta name=\"description\" content=\"Descomptes per a comandes al nostre local, i avantatges per portar un nou client. Consulta les condicions i comen\u00e7a a estalviar.\" \/>\n<meta name=\"robots\" content=\"index, follow, max-snippet:-1, max-image-preview:large, max-video-preview:-1\" \/>\n<link rel=\"canonical\" href=\"https:\/\/barnarosa.cat\/es\/descomptes\/\" \/>\n<meta property=\"og:locale\" content=\"es_ES\" \/>\n<meta property=\"og:type\" content=\"article\" \/>\n<meta property=\"og:title\" content=\"Promocions i Ofertes Professionals de Roses | Barnarosa\" \/>\n<meta property=\"og:description\" content=\"Descomptes per a comandes al nostre local, i avantatges per portar un nou client. Consulta les condicions i comen\u00e7a a estalviar.\" \/>\n<meta property=\"og:url\" content=\"https:\/\/barnarosa.cat\/es\/descomptes\/\" \/>\n<meta property=\"og:site_name\" content=\"BarnaRosa\" \/>\n<meta property=\"article:modified_time\" content=\"2025-11-04T10:24:23+00:00\" \/>\n<meta name=\"twitter:card\" content=\"summary_large_image\" \/>\n<meta name=\"twitter:label1\" content=\"Tiempo de lectura\" \/>\n\t<meta name=\"twitter:data1\" content=\"1 minuto\" \/>\n<script type=\"application\/ld+json\" class=\"yoast-schema-graph\">{\"@context\":\"https:\/\/schema.org\",\"@graph\":[{\"@type\":\"WebPage\",\"@id\":\"https:\/\/barnarosa.cat\/descomptes\/\",\"url\":\"https:\/\/barnarosa.cat\/descomptes\/\",\"name\":\"Promocions i Ofertes Professionals de Roses | Barnarosa\",\"isPartOf\":{\"@id\":\"https:\/\/barnarosa.cat\/#website\"},\"datePublished\":\"2025-02-19T11:24:00+00:00\",\"dateModified\":\"2025-11-04T10:24:23+00:00\",\"description\":\"Descomptes per a comandes al nostre local, i avantatges per portar un nou client. Consulta les condicions i comen\u00e7a a estalviar.\",\"breadcrumb\":{\"@id\":\"https:\/\/barnarosa.cat\/descomptes\/#breadcrumb\"},\"inLanguage\":\"es\",\"potentialAction\":[{\"@type\":\"ReadAction\",\"target\":[\"https:\/\/barnarosa.cat\/descomptes\/\"]}]},{\"@type\":\"BreadcrumbList\",\"@id\":\"https:\/\/barnarosa.cat\/descomptes\/#breadcrumb\",\"itemListElement\":[{\"@type\":\"ListItem\",\"position\":1,\"name\":\"Portada\",\"item\":\"https:\/\/barnarosa.cat\/\"},{\"@type\":\"ListItem\",\"position\":2,\"name\":\"Descomptes\"}]},{\"@type\":\"WebSite\",\"@id\":\"https:\/\/barnarosa.cat\/#website\",\"url\":\"https:\/\/barnarosa.cat\/\",\"name\":\"BarnaRosa\",\"description\":\"\",\"publisher\":{\"@id\":\"https:\/\/barnarosa.cat\/#organization\"},\"potentialAction\":[{\"@type\":\"SearchAction\",\"target\":{\"@type\":\"EntryPoint\",\"urlTemplate\":\"https:\/\/barnarosa.cat\/?s={search_term_string}\"},\"query-input\":{\"@type\":\"PropertyValueSpecification\",\"valueRequired\":true,\"valueName\":\"search_term_string\"}}],\"inLanguage\":\"es\"},{\"@type\":\"Organization\",\"@id\":\"https:\/\/barnarosa.cat\/#organization\",\"name\":\"BarnaRosa\",\"url\":\"https:\/\/barnarosa.cat\/\",\"logo\":{\"@type\":\"ImageObject\",\"inLanguage\":\"es\",\"@id\":\"https:\/\/barnarosa.cat\/#\/schema\/logo\/image\/\",\"url\":\"https:\/\/barnarosa.cat\/wp-content\/uploads\/2025\/01\/BarnaRosa_logo-Red-copiaweb.webp\",\"contentUrl\":\"https:\/\/barnarosa.cat\/wp-content\/uploads\/2025\/01\/BarnaRosa_logo-Red-copiaweb.webp\",\"width\":1053,\"height\":1121,\"caption\":\"BarnaRosa\"},\"image\":{\"@id\":\"https:\/\/barnarosa.cat\/#\/schema\/logo\/image\/\"}}]}<\/script>\n<!-- \/ Yoast SEO plugin. -->","yoast_head_json":{"title":"Promocions i Ofertes Professionals de Roses | Barnarosa","description":"Descomptes per a comandes al nostre local, i avantatges per portar un nou client. Consulta les condicions i comen\u00e7a a estalviar.","robots":{"index":"index","follow":"follow","max-snippet":"max-snippet:-1","max-image-preview":"max-image-preview:large","max-video-preview":"max-video-preview:-1"},"canonical":"https:\/\/barnarosa.cat\/es\/descomptes\/","og_locale":"es_ES","og_type":"article","og_title":"Promocions i Ofertes Professionals de Roses | Barnarosa","og_description":"Descomptes per a comandes al nostre local, i avantatges per portar un nou client. Consulta les condicions i comen\u00e7a a estalviar.","og_url":"https:\/\/barnarosa.cat\/es\/descomptes\/","og_site_name":"BarnaRosa","article_modified_time":"2025-11-04T10:24:23+00:00","twitter_card":"summary_large_image","twitter_misc":{"Tiempo de lectura":"1 minuto"},"schema":{"@context":"https:\/\/schema.org","@graph":[{"@type":"WebPage","@id":"https:\/\/barnarosa.cat\/descomptes\/","url":"https:\/\/barnarosa.cat\/descomptes\/","name":"Promocions i Ofertes Professionals de Roses | Barnarosa","isPartOf":{"@id":"https:\/\/barnarosa.cat\/#website"},"datePublished":"2025-02-19T11:24:00+00:00","dateModified":"2025-11-04T10:24:23+00:00","description":"Descomptes per a comandes al nostre local, i avantatges per portar un nou client. Consulta les condicions i comen\u00e7a a estalviar.","breadcrumb":{"@id":"https:\/\/barnarosa.cat\/descomptes\/#breadcrumb"},"inLanguage":"es","potentialAction":[{"@type":"ReadAction","target":["https:\/\/barnarosa.cat\/descomptes\/"]}]},{"@type":"BreadcrumbList","@id":"https:\/\/barnarosa.cat\/descomptes\/#breadcrumb","itemListElement":[{"@type":"ListItem","position":1,"name":"Portada","item":"https:\/\/barnarosa.cat\/"},{"@type":"ListItem","position":2,"name":"Descomptes"}]},{"@type":"WebSite","@id":"https:\/\/barnarosa.cat\/#website","url":"https:\/\/barnarosa.cat\/","name":"BarnaRosa","description":"","publisher":{"@id":"https:\/\/barnarosa.cat\/#organization"},"potentialAction":[{"@type":"SearchAction","target":{"@type":"EntryPoint","urlTemplate":"https:\/\/barnarosa.cat\/?s={search_term_string}"},"query-input":{"@type":"PropertyValueSpecification","valueRequired":true,"valueName":"search_term_string"}}],"inLanguage":"es"},{"@type":"Organization","@id":"https:\/\/barnarosa.cat\/#organization","name":"BarnaRosa","url":"https:\/\/barnarosa.cat\/","logo":{"@type":"ImageObject","inLanguage":"es","@id":"https:\/\/barnarosa.cat\/#\/schema\/logo\/image\/","url":"https:\/\/barnarosa.cat\/wp-content\/uploads\/2025\/01\/BarnaRosa_logo-Red-copiaweb.webp","contentUrl":"https:\/\/barnarosa.cat\/wp-content\/uploads\/2025\/01\/BarnaRosa_logo-Red-copiaweb.webp","width":1053,"height":1121,"caption":"BarnaRosa"},"image":{"@id":"https:\/\/barnarosa.cat\/#\/schema\/logo\/image\/"}}]}},"_links":{"self":[{"href":"https:\/\/barnarosa.cat\/es\/wp-json\/wp\/v2\/pages\/288","targetHints":{"allow":["GET"]}}],"collection":[{"href":"https:\/\/barnarosa.cat\/es\/wp-json\/wp\/v2\/pages"}],"about":[{"href":"https:\/\/barnarosa.cat\/es\/wp-json\/wp\/v2\/types\/page"}],"author":[{"embeddable":true,"href":"https:\/\/barnarosa.cat\/es\/wp-json\/wp\/v2\/users\/1"}],"replies":[{"embeddable":true,"href":"https:\/\/barnarosa.cat\/es\/wp-json\/wp\/v2\/comments?post=288"}],"version-history":[{"count":28,"href":"https:\/\/barnarosa.cat\/es\/wp-json\/wp\/v2\/pages\/288\/revisions"}],"predecessor-version":[{"id":741,"href":"https:\/\/barnarosa.cat\/es\/wp-json\/wp\/v2\/pages\/288\/revisions\/741"}],"wp:attachment":[{"href":"https:\/\/barnarosa.cat\/es\/wp-json\/wp\/v2\/media?parent=288"}],"curies":[{"name":"wp","href":"https:\/\/api.w.org\/{rel}","templated":true}]}}