{"id":265,"date":"2025-02-19T10:52:17","date_gmt":"2025-02-19T10:52:17","guid":{"rendered":"https:\/\/barnarosa.cat\/?page_id=265"},"modified":"2025-11-04T10:24:18","modified_gmt":"2025-11-04T10:24:18","slug":"llicencies","status":"publish","type":"page","link":"https:\/\/barnarosa.cat\/es\/llicencies\/","title":{"rendered":"Llic\u00e8ncies"},"content":{"rendered":"<div data-elementor-type=\"wp-page\" data-elementor-id=\"265\" class=\"elementor elementor-265\" data-elementor-post-type=\"page\">\n\t\t\t\t<div class=\"elementor-element elementor-element-573df2d e-flex e-con-boxed e-con e-parent\" data-id=\"573df2d\" data-element_type=\"container\" data-settings=\"{&quot;background_background&quot;:&quot;classic&quot;}\">\n\t\t\t\t\t<div class=\"e-con-inner\">\n\t\t<div class=\"elementor-element elementor-element-31ebf1e e-con-full e-flex e-con e-child\" data-id=\"31ebf1e\" data-element_type=\"container\">\n\t\t\t\t<div class=\"elementor-element elementor-element-7c69c5e elementor-widget elementor-widget-heading\" data-id=\"7c69c5e\" data-element_type=\"widget\" data-settings=\"{&quot;_animation&quot;:&quot;none&quot;}\" data-widget_type=\"heading.default\">\n\t\t\t\t<div class=\"elementor-widget-container\">\n\t\t\t\t\t<h2 class=\"elementor-heading-title elementor-size-default\">Llic\u00e8ncies<\/h2>\t\t\t\t<\/div>\n\t\t\t\t<\/div>\n\t\t\t\t<\/div>\n\t\t\t\t\t<\/div>\n\t\t\t\t<\/div>\n\t\t<div class=\"elementor-element elementor-element-deaf751 e-flex e-con-boxed e-con e-parent\" data-id=\"deaf751\" data-element_type=\"container\">\n\t\t\t\t\t<div class=\"e-con-inner\">\n\t\t<div class=\"elementor-element elementor-element-0c04794 e-con-full e-flex e-con e-child\" data-id=\"0c04794\" data-element_type=\"container\">\n\t\t\t\t<div class=\"elementor-element elementor-element-8e14fe7 elementor-widget elementor-widget-text-editor\" data-id=\"8e14fe7\" data-element_type=\"widget\" data-widget_type=\"text-editor.default\">\n\t\t\t\t<div class=\"elementor-widget-container\">\n\t\t\t\t\t\t\t\t\t<p>Per <strong>instal\u00b7lar una parada de venda de roses a Barcelona<\/strong> durant la Diada de Sant Jordi 2025, heu de seguir el <strong>procediment establert per l&#8217;Ajuntament de Barcelona<\/strong>.<\/p><p>A continuaci\u00f3, es detallen els passos per sol\u00b7licitar aquest perm\u00eds.<\/p>\t\t\t\t\t\t\t\t<\/div>\n\t\t\t\t<\/div>\n\t\t\t\t<div class=\"elementor-element elementor-element-2963b4b elementor-widget elementor-widget-heading\" data-id=\"2963b4b\" data-element_type=\"widget\" data-widget_type=\"heading.default\">\n\t\t\t\t<div class=\"elementor-widget-container\">\n\t\t\t\t\t<h2 class=\"elementor-heading-title elementor-size-default\">Tipologies de pemisos disponibles<\/h2>\t\t\t\t<\/div>\n\t\t\t\t<\/div>\n\t\t\t\t<div class=\"elementor-element elementor-element-8f99e79 elementor-widget elementor-widget-heading\" data-id=\"8f99e79\" data-element_type=\"widget\" data-widget_type=\"heading.default\">\n\t\t\t\t<div class=\"elementor-widget-container\">\n\t\t\t\t\t<h3 class=\"elementor-heading-title elementor-size-default\">1. Perm\u00eds per al p\u00fablic general:<\/h3>\t\t\t\t<\/div>\n\t\t\t\t<\/div>\n\t\t\t\t<div class=\"elementor-element elementor-element-b32bb4a elementor-widget elementor-widget-text-editor\" data-id=\"b32bb4a\" data-element_type=\"widget\" data-widget_type=\"text-editor.default\">\n\t\t\t\t<div class=\"elementor-widget-container\">\n\t\t\t\t\t\t\t\t\t<p>Destinat a qualsevol persona f\u00edsica que desitgi muntar una parada de roses o llibres en espais p\u00fablics designats per l&#8217;Ajuntament.<\/p>\t\t\t\t\t\t\t\t<\/div>\n\t\t\t\t<\/div>\n\t\t\t\t<div class=\"elementor-element elementor-element-ae5bcde elementor-widget elementor-widget-heading\" data-id=\"ae5bcde\" data-element_type=\"widget\" data-widget_type=\"heading.default\">\n\t\t\t\t<div class=\"elementor-widget-container\">\n\t\t\t\t\t<h3 class=\"elementor-heading-title elementor-size-default\">2. Perm\u00eds per a espais davant de locals:<\/h3>\t\t\t\t<\/div>\n\t\t\t\t<\/div>\n\t\t\t\t<div class=\"elementor-element elementor-element-bdbe353 elementor-widget elementor-widget-text-editor\" data-id=\"bdbe353\" data-element_type=\"widget\" data-widget_type=\"text-editor.default\">\n\t\t\t\t<div class=\"elementor-widget-container\">\n\t\t\t\t\t\t\t\t\t<p>Reservat per a establiments comercials amb llic\u00e8ncia de venda de flors o llibres que vulguin instal\u00b7lar una parada davant del seu local.<\/p>\t\t\t\t\t\t\t\t<\/div>\n\t\t\t\t<\/div>\n\t\t\t\t<div class=\"elementor-element elementor-element-d80689e elementor-widget elementor-widget-heading\" data-id=\"d80689e\" data-element_type=\"widget\" data-widget_type=\"heading.default\">\n\t\t\t\t<div class=\"elementor-widget-container\">\n\t\t\t\t\t<h3 class=\"elementor-heading-title elementor-size-default\">3. Espais reservats:<\/h3>\t\t\t\t<\/div>\n\t\t\t\t<\/div>\n\t\t\t\t<div class=\"elementor-element elementor-element-c4595e5 elementor-widget elementor-widget-text-editor\" data-id=\"c4595e5\" data-element_type=\"widget\" data-widget_type=\"text-editor.default\">\n\t\t\t\t<div class=\"elementor-widget-container\">\n\t\t\t\t\t\t\t\t\t<p>Destinats a professionals del sector del llibre i la rosa, gestionats per entitats com la Cambra del Llibre de Catalunya o el Gremi de Floristes de Catalunya.<\/p>\t\t\t\t\t\t\t\t<\/div>\n\t\t\t\t<\/div>\n\t\t\t\t<div class=\"elementor-element elementor-element-dc1e1c5 elementor-widget elementor-widget-heading\" data-id=\"dc1e1c5\" data-element_type=\"widget\" data-widget_type=\"heading.default\">\n\t\t\t\t<div class=\"elementor-widget-container\">\n\t\t\t\t\t<h2 class=\"elementor-heading-title elementor-size-default\">Procediment de sol\u00b7licitud<\/h2>\t\t\t\t<\/div>\n\t\t\t\t<\/div>\n\t\t\t\t<div class=\"elementor-element elementor-element-40871d7 elementor-widget elementor-widget-heading\" data-id=\"40871d7\" data-element_type=\"widget\" data-widget_type=\"heading.default\">\n\t\t\t\t<div class=\"elementor-widget-container\">\n\t\t\t\t\t<h3 class=\"elementor-heading-title elementor-size-default\">1. Tramitaci\u00f3 telem\u00e0tica:<\/h3>\t\t\t\t<\/div>\n\t\t\t\t<\/div>\n\t\t\t\t<div class=\"elementor-element elementor-element-ca8fef9 elementor-widget elementor-widget-text-editor\" data-id=\"ca8fef9\" data-element_type=\"widget\" data-widget_type=\"text-editor.default\">\n\t\t\t\t<div class=\"elementor-widget-container\">\n\t\t\t\t\t\t\t\t\t<p>La sol\u00b7licitud es realitza en l\u00ednia a trav\u00e9s de la <strong>seu electr\u00f2nica de l&#8217;Ajuntament de Barcelona<\/strong>. \u00c9s necessari disposar d&#8217;un certificat digital reconegut o utilitzar el sistema idCAT M\u00f2bil per a la identificaci\u00f3.<\/p>\t\t\t\t\t\t\t\t<\/div>\n\t\t\t\t<\/div>\n\t\t\t\t<div class=\"elementor-element elementor-element-d8b3232 elementor-widget elementor-widget-heading\" data-id=\"d8b3232\" data-element_type=\"widget\" data-widget_type=\"heading.default\">\n\t\t\t\t<div class=\"elementor-widget-container\">\n\t\t\t\t\t<h3 class=\"elementor-heading-title elementor-size-default\">2. Terminis de presentaci\u00f3:<\/h3>\t\t\t\t<\/div>\n\t\t\t\t<\/div>\n\t\t\t\t<div class=\"elementor-element elementor-element-ff0fddd elementor-widget elementor-widget-text-editor\" data-id=\"ff0fddd\" data-element_type=\"widget\" data-widget_type=\"text-editor.default\">\n\t\t\t\t<div class=\"elementor-widget-container\">\n\t\t\t\t\t\t\t\t\t<p>Per a l&#8217;any 2025, els terminis van ser els seg\u00fcents:<\/p><ul><li><strong>P\u00fablic general:<\/strong> De les 15.00 hores de l&#8217;10 de mar\u00e7 a les 15.00 hores del 4 d&#8217;abril.<\/li><li><strong>Espais davant de locals:<\/strong> De les 15.00 hores de l&#8217;10 de mar\u00e7 a les 15.00 hores del 4 d&#8217;abril.<\/li><\/ul><p>\u00a0<\/p>\t\t\t\t\t\t\t\t<\/div>\n\t\t\t\t<\/div>\n\t\t\t\t<div class=\"elementor-element elementor-element-da73ec6 elementor-widget elementor-widget-heading\" data-id=\"da73ec6\" data-element_type=\"widget\" data-widget_type=\"heading.default\">\n\t\t\t\t<div class=\"elementor-widget-container\">\n\t\t\t\t\t<h2 class=\"elementor-heading-title elementor-size-default\"> Documentaci\u00f3 necess\u00e0ria\n<\/h2>\t\t\t\t<\/div>\n\t\t\t\t<\/div>\n\t\t\t\t<div class=\"elementor-element elementor-element-707bfb2 elementor-widget elementor-widget-heading\" data-id=\"707bfb2\" data-element_type=\"widget\" data-widget_type=\"heading.default\">\n\t\t\t\t<div class=\"elementor-widget-container\">\n\t\t\t\t\t<h3 class=\"elementor-heading-title elementor-size-default\">Formulari de sol\u00b7licitud:<\/h3>\t\t\t\t<\/div>\n\t\t\t\t<\/div>\n\t\t\t\t<div class=\"elementor-element elementor-element-2f76464 elementor-widget elementor-widget-text-editor\" data-id=\"2f76464\" data-element_type=\"widget\" data-widget_type=\"text-editor.default\">\n\t\t\t\t<div class=\"elementor-widget-container\">\n\t\t\t\t\t\t\t\t\t<p>Disponible a la seu electr\u00f2nica de l&#8217;Ajuntament.<\/p>\t\t\t\t\t\t\t\t<\/div>\n\t\t\t\t<\/div>\n\t\t\t\t<div class=\"elementor-element elementor-element-62a6d72 elementor-widget elementor-widget-heading\" data-id=\"62a6d72\" data-element_type=\"widget\" data-widget_type=\"heading.default\">\n\t\t\t\t<div class=\"elementor-widget-container\">\n\t\t\t\t\t<h3 class=\"elementor-heading-title elementor-size-default\">DNI o NIE:<\/h3>\t\t\t\t<\/div>\n\t\t\t\t<\/div>\n\t\t\t\t<div class=\"elementor-element elementor-element-6111827 elementor-widget elementor-widget-text-editor\" data-id=\"6111827\" data-element_type=\"widget\" data-widget_type=\"text-editor.default\">\n\t\t\t\t<div class=\"elementor-widget-container\">\n\t\t\t\t\t\t\t\t\t<p>Per a persones f\u00edsiques.<\/p>\t\t\t\t\t\t\t\t<\/div>\n\t\t\t\t<\/div>\n\t\t\t\t<div class=\"elementor-element elementor-element-2cd94ff elementor-widget elementor-widget-heading\" data-id=\"2cd94ff\" data-element_type=\"widget\" data-widget_type=\"heading.default\">\n\t\t\t\t<div class=\"elementor-widget-container\">\n\t\t\t\t\t<h3 class=\"elementor-heading-title elementor-size-default\">CIF i documentaci\u00f3 acreditativa:<\/h3>\t\t\t\t<\/div>\n\t\t\t\t<\/div>\n\t\t\t\t<div class=\"elementor-element elementor-element-bca9b8b elementor-widget elementor-widget-text-editor\" data-id=\"bca9b8b\" data-element_type=\"widget\" data-widget_type=\"text-editor.default\">\n\t\t\t\t<div class=\"elementor-widget-container\">\n\t\t\t\t\t\t\t\t\t<p>Per a entitats o empreses.<\/p>\t\t\t\t\t\t\t\t<\/div>\n\t\t\t\t<\/div>\n\t\t\t\t<div class=\"elementor-element elementor-element-7881a87 elementor-widget elementor-widget-heading\" data-id=\"7881a87\" data-element_type=\"widget\" data-widget_type=\"heading.default\">\n\t\t\t\t<div class=\"elementor-widget-container\">\n\t\t\t\t\t<h3 class=\"elementor-heading-title elementor-size-default\"> Justificant de pagament de la taxa municipal:<\/h3>\t\t\t\t<\/div>\n\t\t\t\t<\/div>\n\t\t\t\t<div class=\"elementor-element elementor-element-167ce48 elementor-widget elementor-widget-text-editor\" data-id=\"167ce48\" data-element_type=\"widget\" data-widget_type=\"text-editor.default\">\n\t\t\t\t<div class=\"elementor-widget-container\">\n\t\t\t\t\t\t\t\t\t<p>Si escau.<\/p>\t\t\t\t\t\t\t\t<\/div>\n\t\t\t\t<\/div>\n\t\t\t\t<div class=\"elementor-element elementor-element-e5c16fd elementor-widget elementor-widget-heading\" data-id=\"e5c16fd\" data-element_type=\"widget\" data-widget_type=\"heading.default\">\n\t\t\t\t<div class=\"elementor-widget-container\">\n\t\t\t\t\t<h3 class=\"elementor-heading-title elementor-size-default\">Asseguran\u00e7a de responsabilitat civil:<\/h3>\t\t\t\t<\/div>\n\t\t\t\t<\/div>\n\t\t\t\t<div class=\"elementor-element elementor-element-db02702 elementor-widget elementor-widget-text-editor\" data-id=\"db02702\" data-element_type=\"widget\" data-widget_type=\"text-editor.default\">\n\t\t\t\t<div class=\"elementor-widget-container\">\n\t\t\t\t\t\t\t\t\t<p>En alguns casos, especialment per a entitats o empreses.<\/p>\t\t\t\t\t\t\t\t<\/div>\n\t\t\t\t<\/div>\n\t\t\t\t<div class=\"elementor-element elementor-element-accd535 elementor-widget elementor-widget-heading\" data-id=\"accd535\" data-element_type=\"widget\" data-widget_type=\"heading.default\">\n\t\t\t\t<div class=\"elementor-widget-container\">\n\t\t\t\t\t<h2 class=\"elementor-heading-title elementor-size-default\">Consideracions addicionals<\/h2>\t\t\t\t<\/div>\n\t\t\t\t<\/div>\n\t\t\t\t<div class=\"elementor-element elementor-element-e50ae45 elementor-widget elementor-widget-heading\" data-id=\"e50ae45\" data-element_type=\"widget\" data-widget_type=\"heading.default\">\n\t\t\t\t<div class=\"elementor-widget-container\">\n\t\t\t\t\t<h3 class=\"elementor-heading-title elementor-size-default\">Ubicacions disponibles:<\/h3>\t\t\t\t<\/div>\n\t\t\t\t<\/div>\n\t\t\t\t<div class=\"elementor-element elementor-element-02eac12 elementor-widget elementor-widget-text-editor\" data-id=\"02eac12\" data-element_type=\"widget\" data-widget_type=\"text-editor.default\">\n\t\t\t\t<div class=\"elementor-widget-container\">\n\t\t\t\t\t\t\t\t\t<p>Durant la tramitaci\u00f3 en l\u00ednia, es pot seleccionar en temps real l&#8217;empla\u00e7ament de la parada entre els espais disponibles.<\/p>\t\t\t\t\t\t\t\t<\/div>\n\t\t\t\t<\/div>\n\t\t\t\t<div class=\"elementor-element elementor-element-11e0c66 elementor-widget elementor-widget-heading\" data-id=\"11e0c66\" data-element_type=\"widget\" data-widget_type=\"heading.default\">\n\t\t\t\t<div class=\"elementor-widget-container\">\n\t\t\t\t\t<h3 class=\"elementor-heading-title elementor-size-default\">Normes d'\u00fas:<\/h3>\t\t\t\t<\/div>\n\t\t\t\t<\/div>\n\t\t\t\t<div class=\"elementor-element elementor-element-9d29486 elementor-widget elementor-widget-text-editor\" data-id=\"9d29486\" data-element_type=\"widget\" data-widget_type=\"text-editor.default\">\n\t\t\t\t<div class=\"elementor-widget-container\">\n\t\t\t\t\t\t\t\t\t<p>\u00c9s important complir amb les condicions establertes per l&#8217;Ajuntament, com ara les dimensions de la parada, horaris d&#8217;activitat i manteniment de la neteja de l&#8217;espai ocupat.<\/p>\t\t\t\t\t\t\t\t<\/div>\n\t\t\t\t<\/div>\n\t\t\t\t<div class=\"elementor-element elementor-element-18cdb0c elementor-widget elementor-widget-text-editor\" data-id=\"18cdb0c\" data-element_type=\"widget\" data-widget_type=\"text-editor.default\">\n\t\t\t\t<div class=\"elementor-widget-container\">\n\t\t\t\t\t\t\t\t\t<p>Per a <strong>m\u00e9s informaci\u00f3<\/strong> i per <strong>iniciar el proc\u00e9s de sol\u00b7licitud<\/strong> quan estigui disponible, visita la p\u00e0gina oficial de l&#8217;Ajuntament de Barcelona dedicada a les parades de roses i llibres per Sant Jordi: <a href=\"https:\/\/www.barcelona.cat\/parades-sant-jordi\/ca\/\">https:\/\/www.barcelona.cat\/parades-sant-jordi\/ca\/<\/a><\/p><p>Recorda que \u00e9s fonamental estar pendent de les actualitzacions oficials per al 2025 i presentar la sol\u00b7licitud dins dels terminis establerts per assegurar la participaci\u00f3 en la Diada de Sant Jordi.<\/p>\t\t\t\t\t\t\t\t<\/div>\n\t\t\t\t<\/div>\n\t\t\t\t<\/div>\n\t\t\t\t\t<\/div>\n\t\t\t\t<\/div>\n\t\t\t\t<\/div>","protected":false},"excerpt":{"rendered":"<p>Llic\u00e8ncies Per instal\u00b7lar una parada de venda de roses a Barcelona durant la Diada de Sant Jordi 2025, heu de seguir el procediment establert per l&#8217;Ajuntament de Barcelona. A continuaci\u00f3, es detallen els passos per sol\u00b7licitar aquest perm\u00eds. Tipologies de pemisos disponibles 1. Perm\u00eds per al p\u00fablic general: Destinat a qualsevol persona f\u00edsica que desitgi [&hellip;]<\/p>","protected":false},"author":1,"featured_media":0,"parent":0,"menu_order":0,"comment_status":"closed","ping_status":"closed","template":"","meta":{"footnotes":""},"class_list":["post-265","page","type-page","status-publish","hentry"],"yoast_head":"<!-- This site is optimized with the Yoast SEO plugin v26.2 - https:\/\/yoast.com\/wordpress\/plugins\/seo\/ -->\n<title>Permisos i Llic\u00e8ncies per Sant Jordi | Barnarosa<\/title>\n<meta name=\"description\" content=\"Guia pas a pas per obtenir l\u2019autoritzaci\u00f3 municipal de parada de roses o llibres. Terminis, requisits i normativa per empreses i entitats.\" \/>\n<meta name=\"robots\" content=\"index, follow, max-snippet:-1, max-image-preview:large, max-video-preview:-1\" \/>\n<link rel=\"canonical\" href=\"https:\/\/barnarosa.cat\/es\/llicencies\/\" \/>\n<meta property=\"og:locale\" content=\"es_ES\" \/>\n<meta property=\"og:type\" content=\"article\" \/>\n<meta property=\"og:title\" content=\"Permisos i Llic\u00e8ncies per Sant Jordi | Barnarosa\" \/>\n<meta property=\"og:description\" content=\"Guia pas a pas per obtenir l\u2019autoritzaci\u00f3 municipal de parada de roses o llibres. Terminis, requisits i normativa per empreses i entitats.\" \/>\n<meta property=\"og:url\" content=\"https:\/\/barnarosa.cat\/es\/llicencies\/\" \/>\n<meta property=\"og:site_name\" content=\"BarnaRosa\" \/>\n<meta property=\"article:modified_time\" content=\"2025-11-04T10:24:18+00:00\" \/>\n<meta name=\"twitter:card\" content=\"summary_large_image\" \/>\n<meta name=\"twitter:label1\" content=\"Tiempo de lectura\" \/>\n\t<meta name=\"twitter:data1\" content=\"2 minutos\" \/>\n<script type=\"application\/ld+json\" class=\"yoast-schema-graph\">{\"@context\":\"https:\/\/schema.org\",\"@graph\":[{\"@type\":\"WebPage\",\"@id\":\"https:\/\/barnarosa.cat\/llicencies\/\",\"url\":\"https:\/\/barnarosa.cat\/llicencies\/\",\"name\":\"Permisos i Llic\u00e8ncies per Sant Jordi | Barnarosa\",\"isPartOf\":{\"@id\":\"https:\/\/barnarosa.cat\/#website\"},\"datePublished\":\"2025-02-19T10:52:17+00:00\",\"dateModified\":\"2025-11-04T10:24:18+00:00\",\"description\":\"Guia pas a pas per obtenir l\u2019autoritzaci\u00f3 municipal de parada de roses o llibres. Terminis, requisits i normativa per empreses i entitats.\",\"breadcrumb\":{\"@id\":\"https:\/\/barnarosa.cat\/llicencies\/#breadcrumb\"},\"inLanguage\":\"es\",\"potentialAction\":[{\"@type\":\"ReadAction\",\"target\":[\"https:\/\/barnarosa.cat\/llicencies\/\"]}]},{\"@type\":\"BreadcrumbList\",\"@id\":\"https:\/\/barnarosa.cat\/llicencies\/#breadcrumb\",\"itemListElement\":[{\"@type\":\"ListItem\",\"position\":1,\"name\":\"Portada\",\"item\":\"https:\/\/barnarosa.cat\/\"},{\"@type\":\"ListItem\",\"position\":2,\"name\":\"Llic\u00e8ncies\"}]},{\"@type\":\"WebSite\",\"@id\":\"https:\/\/barnarosa.cat\/#website\",\"url\":\"https:\/\/barnarosa.cat\/\",\"name\":\"BarnaRosa\",\"description\":\"\",\"publisher\":{\"@id\":\"https:\/\/barnarosa.cat\/#organization\"},\"potentialAction\":[{\"@type\":\"SearchAction\",\"target\":{\"@type\":\"EntryPoint\",\"urlTemplate\":\"https:\/\/barnarosa.cat\/?s={search_term_string}\"},\"query-input\":{\"@type\":\"PropertyValueSpecification\",\"valueRequired\":true,\"valueName\":\"search_term_string\"}}],\"inLanguage\":\"es\"},{\"@type\":\"Organization\",\"@id\":\"https:\/\/barnarosa.cat\/#organization\",\"name\":\"BarnaRosa\",\"url\":\"https:\/\/barnarosa.cat\/\",\"logo\":{\"@type\":\"ImageObject\",\"inLanguage\":\"es\",\"@id\":\"https:\/\/barnarosa.cat\/#\/schema\/logo\/image\/\",\"url\":\"https:\/\/barnarosa.cat\/wp-content\/uploads\/2025\/01\/BarnaRosa_logo-Red-copiaweb.webp\",\"contentUrl\":\"https:\/\/barnarosa.cat\/wp-content\/uploads\/2025\/01\/BarnaRosa_logo-Red-copiaweb.webp\",\"width\":1053,\"height\":1121,\"caption\":\"BarnaRosa\"},\"image\":{\"@id\":\"https:\/\/barnarosa.cat\/#\/schema\/logo\/image\/\"}}]}<\/script>\n<!-- \/ Yoast SEO plugin. -->","yoast_head_json":{"title":"Permisos i Llic\u00e8ncies per Sant Jordi | Barnarosa","description":"Guia pas a pas per obtenir l\u2019autoritzaci\u00f3 municipal de parada de roses o llibres. Terminis, requisits i normativa per empreses i entitats.","robots":{"index":"index","follow":"follow","max-snippet":"max-snippet:-1","max-image-preview":"max-image-preview:large","max-video-preview":"max-video-preview:-1"},"canonical":"https:\/\/barnarosa.cat\/es\/llicencies\/","og_locale":"es_ES","og_type":"article","og_title":"Permisos i Llic\u00e8ncies per Sant Jordi | Barnarosa","og_description":"Guia pas a pas per obtenir l\u2019autoritzaci\u00f3 municipal de parada de roses o llibres. Terminis, requisits i normativa per empreses i entitats.","og_url":"https:\/\/barnarosa.cat\/es\/llicencies\/","og_site_name":"BarnaRosa","article_modified_time":"2025-11-04T10:24:18+00:00","twitter_card":"summary_large_image","twitter_misc":{"Tiempo de lectura":"2 minutos"},"schema":{"@context":"https:\/\/schema.org","@graph":[{"@type":"WebPage","@id":"https:\/\/barnarosa.cat\/llicencies\/","url":"https:\/\/barnarosa.cat\/llicencies\/","name":"Permisos i Llic\u00e8ncies per Sant Jordi | Barnarosa","isPartOf":{"@id":"https:\/\/barnarosa.cat\/#website"},"datePublished":"2025-02-19T10:52:17+00:00","dateModified":"2025-11-04T10:24:18+00:00","description":"Guia pas a pas per obtenir l\u2019autoritzaci\u00f3 municipal de parada de roses o llibres. Terminis, requisits i normativa per empreses i entitats.","breadcrumb":{"@id":"https:\/\/barnarosa.cat\/llicencies\/#breadcrumb"},"inLanguage":"es","potentialAction":[{"@type":"ReadAction","target":["https:\/\/barnarosa.cat\/llicencies\/"]}]},{"@type":"BreadcrumbList","@id":"https:\/\/barnarosa.cat\/llicencies\/#breadcrumb","itemListElement":[{"@type":"ListItem","position":1,"name":"Portada","item":"https:\/\/barnarosa.cat\/"},{"@type":"ListItem","position":2,"name":"Llic\u00e8ncies"}]},{"@type":"WebSite","@id":"https:\/\/barnarosa.cat\/#website","url":"https:\/\/barnarosa.cat\/","name":"BarnaRosa","description":"","publisher":{"@id":"https:\/\/barnarosa.cat\/#organization"},"potentialAction":[{"@type":"SearchAction","target":{"@type":"EntryPoint","urlTemplate":"https:\/\/barnarosa.cat\/?s={search_term_string}"},"query-input":{"@type":"PropertyValueSpecification","valueRequired":true,"valueName":"search_term_string"}}],"inLanguage":"es"},{"@type":"Organization","@id":"https:\/\/barnarosa.cat\/#organization","name":"BarnaRosa","url":"https:\/\/barnarosa.cat\/","logo":{"@type":"ImageObject","inLanguage":"es","@id":"https:\/\/barnarosa.cat\/#\/schema\/logo\/image\/","url":"https:\/\/barnarosa.cat\/wp-content\/uploads\/2025\/01\/BarnaRosa_logo-Red-copiaweb.webp","contentUrl":"https:\/\/barnarosa.cat\/wp-content\/uploads\/2025\/01\/BarnaRosa_logo-Red-copiaweb.webp","width":1053,"height":1121,"caption":"BarnaRosa"},"image":{"@id":"https:\/\/barnarosa.cat\/#\/schema\/logo\/image\/"}}]}},"_links":{"self":[{"href":"https:\/\/barnarosa.cat\/es\/wp-json\/wp\/v2\/pages\/265","targetHints":{"allow":["GET"]}}],"collection":[{"href":"https:\/\/barnarosa.cat\/es\/wp-json\/wp\/v2\/pages"}],"about":[{"href":"https:\/\/barnarosa.cat\/es\/wp-json\/wp\/v2\/types\/page"}],"author":[{"embeddable":true,"href":"https:\/\/barnarosa.cat\/es\/wp-json\/wp\/v2\/users\/1"}],"replies":[{"embeddable":true,"href":"https:\/\/barnarosa.cat\/es\/wp-json\/wp\/v2\/comments?post=265"}],"version-history":[{"count":22,"href":"https:\/\/barnarosa.cat\/es\/wp-json\/wp\/v2\/pages\/265\/revisions"}],"predecessor-version":[{"id":714,"href":"https:\/\/barnarosa.cat\/es\/wp-json\/wp\/v2\/pages\/265\/revisions\/714"}],"wp:attachment":[{"href":"https:\/\/barnarosa.cat\/es\/wp-json\/wp\/v2\/media?parent=265"}],"curies":[{"name":"wp","href":"https:\/\/api.w.org\/{rel}","templated":true}]}}